{"id":26706,"date":"2024-12-18T10:46:39","date_gmt":"2024-12-18T10:46:39","guid":{"rendered":"https:\/\/eastlandswitchgears.com\/buyonline\/?post_type=product&#038;p=26706"},"modified":"2024-12-18T10:46:40","modified_gmt":"2024-12-18T10:46:40","slug":"knipex-71-72-910-bolt-cutter-910mm","status":"publish","type":"product","link":"https:\/\/eastlandswitchgears.com\/buyonline\/product\/knipex-71-72-910-bolt-cutter-910mm\/","title":{"rendered":"KNIPEX 71 72 910 Bolt Cutter 910mm"},"content":{"rendered":"<ul class=\"product--variation-field--variation_field_product_description__1941 field field--name-field-product-description field--type-text-long field--label-hidden field__items\">\n<li class=\"field__item\">Cutting capacity up to 48 HRC hardness<\/li>\n<li class=\"field__item\">Robust cutting edges are additionally induction-hardened, cutting edge hardness approx. 62 HRC<\/li>\n<li class=\"field__item\">Forged-in stopper with comfortable shock- absorber<\/li>\n<li class=\"field__item\">Good access due to very flat construction of head and joint area<\/li>\n<li class=\"field__item\">Ergonomically angled handles to minimise effort<\/li>\n<li class=\"field__item\">Sturdy non-slip two-colour multi-component handle sleeves<\/li>\n<li class=\"field__item\">Precise adjustment (12 positions) by eccentric bolt<\/li>\n<li class=\"field__item\">High cutting performance with minimum effort due to optimum coordination of the cutting edge angle and transmission ratio<\/li>\n<li class=\"field__item\">Bolted cutter head, replaceable<\/li>\n<\/ul>\n<h6 class=\"field field--name-field-technical-attribute-sectio field--type-string field--label-hidden field__item\">Technical Attributes<\/h6>\n<table border=\"1\">\n<tbody>\n<tr>\n<td>\n<div class=\"key\">Article No.<\/div>\n<\/td>\n<td>\n<div class=\"field__item\">\n<div class=\"key-value-class-item \">\n<div class=\"value\">71 72 910<\/div>\n<\/div>\n<\/div>\n<\/td>\n<\/tr>\n<tr>\n<td>EAN<\/td>\n<td>\n<div class=\"field__item\">\n<div class=\"key-value-class-item \">\n<div class=\"value\">4003773066781<\/div>\n<\/div>\n<\/div>\n<\/td>\n<\/tr>\n<tr>\n<td>head<\/td>\n<td>\n<div class=\"field__item\">\n<div class=\"key-value-class-item \">\n<div class=\"value\">grey atramentized<\/div>\n<\/div>\n<\/div>\n<\/td>\n<\/tr>\n<tr>\n<td>handles<\/td>\n<td>\n<div class=\"field__item\">\n<div class=\"key-value-class-item \">\n<div class=\"value\">with multicomponent handles<\/div>\n<\/div>\n<\/div>\n<\/td>\n<\/tr>\n<tr>\n<td>Weight<\/td>\n<td>\n<div class=\"field__item\">\n<div class=\"key-value-class-item \">\n<div class=\"value\">4,950 g<\/div>\n<\/div>\n<\/div>\n<\/td>\n<\/tr>\n<tr>\n<td>Dimensions<\/td>\n<td>\n<div class=\"field__item\">\n<div class=\"key-value-class-item \">\n<div class=\"value\">910 x 170 x 42 mm<\/div>\n<\/div>\n<\/div>\n<\/td>\n<\/tr>\n<tr>\n<td>\n<div class=\"key\">REACH compliant<\/div>\n<\/td>\n<td>\n<div class=\"field__item\">\n<div class=\"key-value-class-item \">\n<div class=\"value\">does not contain SVHC<\/div>\n<\/div>\n<\/div>\n<\/td>\n<\/tr>\n<tr>\n<td>\n<div class=\"key\">RoHS compliant<\/div>\n<\/td>\n<td>\n<div class=\"product--variation-field--variation_field_general_section__1941 field field--name-field-general-section field--type-key-value-class-field-type field--label-hidden field__items\">\n<div class=\"field__item\">\n<div class=\"key-value-class-item \">\n<div class=\"value\">not applicable<\/div>\n<\/div>\n<\/div>\n<\/div>\n<\/td>\n<\/tr>\n<tr>\n<td>\n<div class=\"key\">HRC 19<\/div>\n<\/td>\n<td>\n<div class=\"field__item\">\n<div class=\"key-value-class-item \">\n<div class=\"value\">\u00d8 13 mm<\/div>\n<\/div>\n<\/div>\n<\/td>\n<\/tr>\n<tr>\n<td>\n<div class=\"key\">\n<div class=\"key\">HRC 40<\/div>\n<\/div>\n<\/td>\n<td>\n<div class=\"field__item\">\n<div class=\"key-value-class-item \">\n<div class=\"value\">\u00d8 10 mm<\/div>\n<\/div>\n<\/div>\n<\/td>\n<\/tr>\n<tr>\n<td>\n<div class=\"key\">\n<div class=\"key\">HRC 48<\/div>\n<\/div>\n<\/td>\n<td>\n<div class=\"field__item\">\n<div class=\"key-value-class-item \">\n<div class=\"value\">\u00d8 9 mm<\/div>\n<\/div>\n<\/div>\n<\/td>\n<\/tr>\n<tr>\n<td>\n<div class=\"key\">\n<div class=\"key\">Cutting edge length mm<\/div>\n<\/div>\n<\/td>\n<td>\n<div class=\"field__item\">\n<div class=\"key-value-class-item \">\n<div class=\"value\">46 mm<\/div>\n<\/div>\n<\/div>\n<\/td>\n<\/tr>\n<tr>\n<td>\n<div class=\"key\">\n<div class=\"key\">Head thickness<\/div>\n<\/div>\n<\/td>\n<td>\n<div class=\"product--variation-field--variation_field_technical_section__1941 field field--name-field-technical-section field--type-key-value-class-field-type field--label-hidden field__items\">\n<div class=\"field__item\">\n<div class=\"key-value-class-item \">\n<div class=\"value\">42 mm<\/div>\n<\/div>\n<\/div>\n<\/div>\n<\/td>\n<\/tr>\n<\/tbody>\n<\/table>\n","protected":false},"excerpt":{"rendered":"<ul>\n<li>SKU71 72 910<\/li>\n<li>Product Model No71 72 910<\/li>\n<li>brand Knipex<\/li>\n<li>GTIN \/ EAN \/UPC4003773066781<\/li>\n<\/ul>\n<h6 class=\"field field--name-field-technical-attribute-sectio field--type-string field--label-hidden field__item\">Technical Attributes<\/h6>\n<table border=\"1\">\n<tbody>\n<tr>\n<td>\n<div class=\"key\">rticle No.<\/div>\n<\/td>\n<td>\n<div class=\"field__item\">\n<div class=\"key-value-class-item \">\n<div class=\"value\">71 72 910<\/div>\n<\/div>\n<\/div>\n<\/td>\n<\/tr>\n<tr>\n<td>EAN<\/td>\n<td>\n<div class=\"field__item\">\n<div class=\"key-value-class-item \">\n<div class=\"value\">4003773066781<\/div>\n<\/div>\n<\/div>\n<\/td>\n<\/tr>\n<tr>\n<td>head<\/td>\n<td>\n<div class=\"field__item\">\n<div class=\"key-value-class-item \">\n<div class=\"value\">grey atramentized<\/div>\n<\/div>\n<\/div>\n<\/td>\n<\/tr>\n<tr>\n<td>handles<\/td>\n<td>\n<div class=\"field__item\">\n<div class=\"key-value-class-item \">\n<div class=\"value\">with multicomponent handles<\/div>\n<\/div>\n<\/div>\n<\/td>\n<\/tr>\n<tr>\n<td>Weight<\/td>\n<td>\n<div class=\"field__item\">\n<div class=\"key-value-class-item \">\n<div class=\"value\">4,950 g<\/div>\n<\/div>\n<\/div>\n<\/td>\n<\/tr>\n<tr>\n<td>Dimensions<\/td>\n<td>\n<div class=\"field__item\">\n<div class=\"key-value-class-item \">\n<div class=\"value\">910 x 170 x 42 mm<\/div>\n<\/div>\n<\/div>\n<\/td>\n<\/tr>\n<tr>\n<td>\n<div class=\"key\">REACH compliant<\/div>\n<\/td>\n<td>\n<div class=\"field__item\">\n<div class=\"key-value-class-item \">\n<div class=\"value\">does not contain SVHC<\/div>\n<\/div>\n<\/div>\n<\/td>\n<\/tr>\n<tr>\n<td>\n<div class=\"key\">RoHS compliant<\/div>\n<\/td>\n<td>\n<div class=\"product--variation-field--variation_field_general_section__1941 field field--name-field-general-section field--type-key-value-class-field-type field--label-hidden field__items\">\n<div class=\"field__item\">\n<div class=\"key-value-class-item \">\n<div class=\"value\">not applicable<\/div>\n<\/div>\n<\/div>\n<\/div>\n<\/td>\n<\/tr>\n<tr>\n<td>\n<div class=\"key\">HRC 19<\/div>\n<\/td>\n<td>\n<div class=\"field__item\">\n<div class=\"key-value-class-item \">\n<div class=\"value\">\u00d8 13 mm<\/div>\n<\/div>\n<\/div>\n<\/td>\n<\/tr>\n<tr>\n<td>\n<div class=\"key\">\n<div class=\"key\">HRC 40<\/div>\n<\/div>\n<\/td>\n<td>\n<div class=\"field__item\">\n<div class=\"key-value-class-item \">\n<div class=\"value\">\u00d8 10 mm<\/div>\n<\/div>\n<\/div>\n<\/td>\n<\/tr>\n<tr>\n<td>\n<div class=\"key\">\n<div class=\"key\">HRC 48<\/div>\n<\/div>\n<\/td>\n<td>\n<div class=\"field__item\">\n<div class=\"key-value-class-item \">\n<div class=\"value\">\u00d8 9 mm<\/div>\n<\/div>\n<\/div>\n<\/td>\n<\/tr>\n<tr>\n<td>\n<div class=\"key\">\n<div class=\"key\">Cutting edge length mm<\/div>\n<\/div>\n<\/td>\n<td>\n<div class=\"field__item\">\n<div class=\"key-value-class-item \">\n<div class=\"value\">46 mm<\/div>\n<\/div>\n<\/div>\n<\/td>\n<\/tr>\n<tr>\n<td>\n<div class=\"key\">\n<div class=\"key\">Head thickness<\/div>\n<\/div>\n<\/td>\n<td>\n<div class=\"product--variation-field--variation_field_technical_section__1941 field field--name-field-technical-section field--type-key-value-class-field-type field--label-hidden field__items\">\n<div class=\"field__item\">\n<div class=\"key-value-class-item \">\n<div class=\"value\">42 mm<\/div>\n<\/div>\n<\/div>\n<\/div>\n<\/td>\n<\/tr>\n<\/tbody>\n<\/table>\n","protected":false},"featured_media":26708,"template":"","meta":[],"product_brand":[521],"product_cat":[522,520],"product_tag":[],"class_list":{"0":"post-26706","1":"product","2":"type-product","3":"status-publish","4":"has-post-thumbnail","6":"product_brand-knipex","7":"product_cat-hand-tools","8":"product_cat-knipex","10":"first","11":"instock","12":"sale","13":"taxable","14":"shipping-taxable","15":"purchasable","16":"product-type-simple"},"yoast_head":"<!-- This site is optimized with the Yoast SEO Premium plugin v22.2 (Yoast SEO v25.9) - https:\/\/yoast.com\/wordpress\/plugins\/seo\/ -->\n<title>KNIPEX 71 72 910 Bolt Cutter 910mm - Eastland Switchgears Pvt. Ltd.<\/title>\n<meta name=\"robots\" content=\"index, follow, max-snippet:-1, max-image-preview:large, max-video-preview:-1\" \/>\n<link rel=\"canonical\" href=\"https:\/\/eastlandswitchgears.com\/buyonline\/product\/knipex-71-72-910-bolt-cutter-910mm\/\" \/>\n<meta property=\"og:locale\" content=\"en_US\" \/>\n<meta property=\"og:type\" content=\"article\" \/>\n<meta property=\"og:title\" content=\"KNIPEX 71 72 910 Bolt Cutter 910mm\" \/>\n<meta property=\"og:description\" content=\"SKU71 72 910  Product Model No71 72 910  brand Knipex  GTIN \/ EAN \/UPC4003773066781  Technical Attributes     rticle No.    71 72 910     EAN    4003773066781     head    grey atramentized     handles    with multicomponent handles     Weight    4,950 g     Dimensions    910 x 170 x 42 mm      REACH compliant    does not contain SVHC      RoHS compliant     not applicable       HRC 19    \u00d8 13 mm       HRC 40     \u00d8 10 mm       HRC 48     \u00d8 9 mm       Cutting edge length mm     46 mm       Head thickness      42 mm\" \/>\n<meta property=\"og:url\" content=\"https:\/\/eastlandswitchgears.com\/buyonline\/product\/knipex-71-72-910-bolt-cutter-910mm\/\" \/>\n<meta property=\"og:site_name\" content=\"Eastland Switchgears Pvt. Ltd.\" \/>\n<meta property=\"article:publisher\" content=\"https:\/\/www.facebook.com\/espl\" \/>\n<meta property=\"article:modified_time\" content=\"2024-12-18T10:46:40+00:00\" \/>\n<meta property=\"og:image\" content=\"https:\/\/eastlandswitchgears.com\/buyonline\/wp-content\/uploads\/2024\/12\/7172910-04.jpg\" \/>\n\t<meta property=\"og:image:width\" content=\"1200\" \/>\n\t<meta property=\"og:image:height\" content=\"1200\" \/>\n\t<meta property=\"og:image:type\" content=\"image\/jpeg\" \/>\n<meta name=\"twitter:card\" content=\"summary_large_image\" \/>\n<meta name=\"twitter:site\" content=\"@espl\" \/>\n<meta name=\"twitter:label1\" content=\"Est. reading time\" \/>\n\t<meta name=\"twitter:data1\" content=\"1 minute\" \/>\n<script type=\"application\/ld+json\" class=\"yoast-schema-graph\">{\"@context\":\"https:\/\/schema.org\",\"@graph\":[{\"@type\":\"WebPage\",\"@id\":\"https:\/\/eastlandswitchgears.com\/buyonline\/product\/knipex-71-72-910-bolt-cutter-910mm\/\",\"url\":\"https:\/\/eastlandswitchgears.com\/buyonline\/product\/knipex-71-72-910-bolt-cutter-910mm\/\",\"name\":\"KNIPEX 71 72 910 Bolt Cutter 910mm - Eastland Switchgears Pvt. Ltd.\",\"isPartOf\":{\"@id\":\"https:\/\/eastlandswitchgears.com\/buyonline\/#website\"},\"primaryImageOfPage\":{\"@id\":\"https:\/\/eastlandswitchgears.com\/buyonline\/product\/knipex-71-72-910-bolt-cutter-910mm\/#primaryimage\"},\"image\":{\"@id\":\"https:\/\/eastlandswitchgears.com\/buyonline\/product\/knipex-71-72-910-bolt-cutter-910mm\/#primaryimage\"},\"thumbnailUrl\":\"https:\/\/eastlandswitchgears.com\/buyonline\/wp-content\/uploads\/2024\/12\/7172910-04.jpg\",\"datePublished\":\"2024-12-18T10:46:39+00:00\",\"dateModified\":\"2024-12-18T10:46:40+00:00\",\"breadcrumb\":{\"@id\":\"https:\/\/eastlandswitchgears.com\/buyonline\/product\/knipex-71-72-910-bolt-cutter-910mm\/#breadcrumb\"},\"inLanguage\":\"en-US\",\"potentialAction\":[{\"@type\":\"ReadAction\",\"target\":[\"https:\/\/eastlandswitchgears.com\/buyonline\/product\/knipex-71-72-910-bolt-cutter-910mm\/\"]}]},{\"@type\":\"ImageObject\",\"inLanguage\":\"en-US\",\"@id\":\"https:\/\/eastlandswitchgears.com\/buyonline\/product\/knipex-71-72-910-bolt-cutter-910mm\/#primaryimage\",\"url\":\"https:\/\/eastlandswitchgears.com\/buyonline\/wp-content\/uploads\/2024\/12\/7172910-04.jpg\",\"contentUrl\":\"https:\/\/eastlandswitchgears.com\/buyonline\/wp-content\/uploads\/2024\/12\/7172910-04.jpg\",\"width\":1200,\"height\":1200},{\"@type\":\"BreadcrumbList\",\"@id\":\"https:\/\/eastlandswitchgears.com\/buyonline\/product\/knipex-71-72-910-bolt-cutter-910mm\/#breadcrumb\",\"itemListElement\":[{\"@type\":\"ListItem\",\"position\":1,\"name\":\"Home\",\"item\":\"https:\/\/eastlandswitchgears.com\/buyonline\/\"},{\"@type\":\"ListItem\",\"position\":2,\"name\":\"Shop\",\"item\":\"https:\/\/eastlandswitchgears.com\/buyonline\/shop\/\"},{\"@type\":\"ListItem\",\"position\":3,\"name\":\"KNIPEX 71 72 910 Bolt Cutter 910mm\"}]},{\"@type\":\"WebSite\",\"@id\":\"https:\/\/eastlandswitchgears.com\/buyonline\/#website\",\"url\":\"https:\/\/eastlandswitchgears.com\/buyonline\/\",\"name\":\"Eastland Switchgears Pvt. Ltd. - Online\",\"description\":\"Authorized online distributor for leading brands such as Knipex, Rennsteig, WERA, and Intercable\",\"publisher\":{\"@id\":\"https:\/\/eastlandswitchgears.com\/buyonline\/#organization\"},\"alternateName\":\"ESPL\",\"potentialAction\":[{\"@type\":\"SearchAction\",\"target\":{\"@type\":\"EntryPoint\",\"urlTemplate\":\"https:\/\/eastlandswitchgears.com\/buyonline\/?s={search_term_string}\"},\"query-input\":{\"@type\":\"PropertyValueSpecification\",\"valueRequired\":true,\"valueName\":\"search_term_string\"}}],\"inLanguage\":\"en-US\"},{\"@type\":[\"Organization\",\"Place\"],\"@id\":\"https:\/\/eastlandswitchgears.com\/buyonline\/#organization\",\"name\":\"Eastland Switchgears Pvt. Ltd.\",\"url\":\"https:\/\/eastlandswitchgears.com\/buyonline\/\",\"logo\":{\"@id\":\"https:\/\/eastlandswitchgears.com\/buyonline\/product\/knipex-71-72-910-bolt-cutter-910mm\/#local-main-organization-logo\"},\"image\":{\"@id\":\"https:\/\/eastlandswitchgears.com\/buyonline\/product\/knipex-71-72-910-bolt-cutter-910mm\/#local-main-organization-logo\"},\"sameAs\":[\"https:\/\/www.facebook.com\/espl\",\"https:\/\/x.com\/espl\"],\"description\":\"Eastland Switchgears Pvt. Ltd. brings you authorized online access to top electrical tool brands such as Knipex, Wera, Rennsteig, Stanley, and DEWALT. Enjoy authentic products, secure purchasing, and fast delivery\u2014all from a trusted distributor established in 1984.\",\"legalName\":\"Eastland Switchgears Pvt. Ltd.\",\"numberOfEmployees\":{\"@type\":\"QuantitativeValue\",\"minValue\":\"1\",\"maxValue\":\"10\"},\"publishingPrinciples\":\"https:\/\/eastlandswitchgears.com\/buyonline\/shop\/\",\"address\":{\"@id\":\"https:\/\/eastlandswitchgears.com\/buyonline\/product\/knipex-71-72-910-bolt-cutter-910mm\/#local-main-place-address\"},\"geo\":{\"@type\":\"GeoCoordinates\",\"latitude\":\"22.5745515\",\"longitude\":\"88.352258\"},\"telephone\":[\"+918420810036\"],\"contactPoint\":{\"@type\":\"ContactPoint\",\"telephone\":\"+918420810036\",\"email\":\"info@eastlandswitchgears.com\"},\"openingHoursSpecification\":[{\"@type\":\"OpeningHoursSpecification\",\"dayOfWeek\":[\"Monday\",\"Tuesday\",\"Wednesday\",\"Thursday\",\"Friday\"],\"opens\":\"10:15\",\"closes\":\"19:00\"},{\"@type\":\"OpeningHoursSpecification\",\"dayOfWeek\":[\"Saturday\"],\"opens\":\"10:15\",\"closes\":\"14:00\"},{\"@type\":\"OpeningHoursSpecification\",\"dayOfWeek\":[\"Sunday\"],\"opens\":\"00:00\",\"closes\":\"00:00\"}],\"email\":\"info@eastlandswitchgears.com\",\"areaServed\":\"Howrah, Kolkata, Westbengal, India, Nepal, Bhutan, Bangladesh\",\"globalLocationNumber\":\"+918420810036\"},{\"@type\":\"PostalAddress\",\"@id\":\"https:\/\/eastlandswitchgears.com\/buyonline\/product\/knipex-71-72-910-bolt-cutter-910mm\/#local-main-place-address\",\"streetAddress\":\"4A, Pollock Street, Swaicka Center Room No 504, 5th floor\",\"addressLocality\":\"Kolkata\",\"postalCode\":\"700001\",\"addressRegion\":\"West Bengal\",\"addressCountry\":\"IN\"},{\"@type\":\"ImageObject\",\"inLanguage\":\"en-US\",\"@id\":\"https:\/\/eastlandswitchgears.com\/buyonline\/product\/knipex-71-72-910-bolt-cutter-910mm\/#local-main-organization-logo\",\"url\":\"https:\/\/eastlandswitchgears.com\/buyonline\/wp-content\/uploads\/2024\/03\/espl-logo.png\",\"contentUrl\":\"https:\/\/eastlandswitchgears.com\/buyonline\/wp-content\/uploads\/2024\/03\/espl-logo.png\",\"width\":347,\"height\":347,\"caption\":\"Eastland Switchgears Pvt. Ltd.\"}]}<\/script>\n<meta name=\"geo.placename\" content=\"Kolkata\" \/>\n<meta name=\"geo.position\" content=\"22.5745515;88.352258\" \/>\n<meta name=\"geo.region\" content=\"India\" \/>\n<!-- \/ Yoast SEO Premium plugin. -->","yoast_head_json":{"title":"KNIPEX 71 72 910 Bolt Cutter 910mm - Eastland Switchgears Pvt. Ltd.","robots":{"index":"index","follow":"follow","max-snippet":"max-snippet:-1","max-image-preview":"max-image-preview:large","max-video-preview":"max-video-preview:-1"},"canonical":"https:\/\/eastlandswitchgears.com\/buyonline\/product\/knipex-71-72-910-bolt-cutter-910mm\/","og_locale":"en_US","og_type":"article","og_title":"KNIPEX 71 72 910 Bolt Cutter 910mm","og_description":"SKU71 72 910  Product Model No71 72 910  brand Knipex  GTIN \/ EAN \/UPC4003773066781  Technical Attributes     rticle No.    71 72 910     EAN    4003773066781     head    grey atramentized     handles    with multicomponent handles     Weight    4,950 g     Dimensions    910 x 170 x 42 mm      REACH compliant    does not contain SVHC      RoHS compliant     not applicable       HRC 19    \u00d8 13 mm       HRC 40     \u00d8 10 mm       HRC 48     \u00d8 9 mm       Cutting edge length mm     46 mm       Head thickness      42 mm","og_url":"https:\/\/eastlandswitchgears.com\/buyonline\/product\/knipex-71-72-910-bolt-cutter-910mm\/","og_site_name":"Eastland Switchgears Pvt. Ltd.","article_publisher":"https:\/\/www.facebook.com\/espl","article_modified_time":"2024-12-18T10:46:40+00:00","og_image":[{"width":1200,"height":1200,"url":"https:\/\/eastlandswitchgears.com\/buyonline\/wp-content\/uploads\/2024\/12\/7172910-04.jpg","type":"image\/jpeg"}],"twitter_card":"summary_large_image","twitter_site":"@espl","twitter_misc":{"Est. reading time":"1 minute"},"schema":{"@context":"https:\/\/schema.org","@graph":[{"@type":"WebPage","@id":"https:\/\/eastlandswitchgears.com\/buyonline\/product\/knipex-71-72-910-bolt-cutter-910mm\/","url":"https:\/\/eastlandswitchgears.com\/buyonline\/product\/knipex-71-72-910-bolt-cutter-910mm\/","name":"KNIPEX 71 72 910 Bolt Cutter 910mm - Eastland Switchgears Pvt. Ltd.","isPartOf":{"@id":"https:\/\/eastlandswitchgears.com\/buyonline\/#website"},"primaryImageOfPage":{"@id":"https:\/\/eastlandswitchgears.com\/buyonline\/product\/knipex-71-72-910-bolt-cutter-910mm\/#primaryimage"},"image":{"@id":"https:\/\/eastlandswitchgears.com\/buyonline\/product\/knipex-71-72-910-bolt-cutter-910mm\/#primaryimage"},"thumbnailUrl":"https:\/\/eastlandswitchgears.com\/buyonline\/wp-content\/uploads\/2024\/12\/7172910-04.jpg","datePublished":"2024-12-18T10:46:39+00:00","dateModified":"2024-12-18T10:46:40+00:00","breadcrumb":{"@id":"https:\/\/eastlandswitchgears.com\/buyonline\/product\/knipex-71-72-910-bolt-cutter-910mm\/#breadcrumb"},"inLanguage":"en-US","potentialAction":[{"@type":"ReadAction","target":["https:\/\/eastlandswitchgears.com\/buyonline\/product\/knipex-71-72-910-bolt-cutter-910mm\/"]}]},{"@type":"ImageObject","inLanguage":"en-US","@id":"https:\/\/eastlandswitchgears.com\/buyonline\/product\/knipex-71-72-910-bolt-cutter-910mm\/#primaryimage","url":"https:\/\/eastlandswitchgears.com\/buyonline\/wp-content\/uploads\/2024\/12\/7172910-04.jpg","contentUrl":"https:\/\/eastlandswitchgears.com\/buyonline\/wp-content\/uploads\/2024\/12\/7172910-04.jpg","width":1200,"height":1200},{"@type":"BreadcrumbList","@id":"https:\/\/eastlandswitchgears.com\/buyonline\/product\/knipex-71-72-910-bolt-cutter-910mm\/#breadcrumb","itemListElement":[{"@type":"ListItem","position":1,"name":"Home","item":"https:\/\/eastlandswitchgears.com\/buyonline\/"},{"@type":"ListItem","position":2,"name":"Shop","item":"https:\/\/eastlandswitchgears.com\/buyonline\/shop\/"},{"@type":"ListItem","position":3,"name":"KNIPEX 71 72 910 Bolt Cutter 910mm"}]},{"@type":"WebSite","@id":"https:\/\/eastlandswitchgears.com\/buyonline\/#website","url":"https:\/\/eastlandswitchgears.com\/buyonline\/","name":"Eastland Switchgears Pvt. Ltd. - Online","description":"Authorized online distributor for leading brands such as Knipex, Rennsteig, WERA, and Intercable","publisher":{"@id":"https:\/\/eastlandswitchgears.com\/buyonline\/#organization"},"alternateName":"ESPL","potentialAction":[{"@type":"SearchAction","target":{"@type":"EntryPoint","urlTemplate":"https:\/\/eastlandswitchgears.com\/buyonline\/?s={search_term_string}"},"query-input":{"@type":"PropertyValueSpecification","valueRequired":true,"valueName":"search_term_string"}}],"inLanguage":"en-US"},{"@type":["Organization","Place"],"@id":"https:\/\/eastlandswitchgears.com\/buyonline\/#organization","name":"Eastland Switchgears Pvt. Ltd.","url":"https:\/\/eastlandswitchgears.com\/buyonline\/","logo":{"@id":"https:\/\/eastlandswitchgears.com\/buyonline\/product\/knipex-71-72-910-bolt-cutter-910mm\/#local-main-organization-logo"},"image":{"@id":"https:\/\/eastlandswitchgears.com\/buyonline\/product\/knipex-71-72-910-bolt-cutter-910mm\/#local-main-organization-logo"},"sameAs":["https:\/\/www.facebook.com\/espl","https:\/\/x.com\/espl"],"description":"Eastland Switchgears Pvt. Ltd. brings you authorized online access to top electrical tool brands such as Knipex, Wera, Rennsteig, Stanley, and DEWALT. Enjoy authentic products, secure purchasing, and fast delivery\u2014all from a trusted distributor established in 1984.","legalName":"Eastland Switchgears Pvt. Ltd.","numberOfEmployees":{"@type":"QuantitativeValue","minValue":"1","maxValue":"10"},"publishingPrinciples":"https:\/\/eastlandswitchgears.com\/buyonline\/shop\/","address":{"@id":"https:\/\/eastlandswitchgears.com\/buyonline\/product\/knipex-71-72-910-bolt-cutter-910mm\/#local-main-place-address"},"geo":{"@type":"GeoCoordinates","latitude":"22.5745515","longitude":"88.352258"},"telephone":["+918420810036"],"contactPoint":{"@type":"ContactPoint","telephone":"+918420810036","email":"info@eastlandswitchgears.com"},"openingHoursSpecification":[{"@type":"OpeningHoursSpecification","dayOfWeek":["Monday","Tuesday","Wednesday","Thursday","Friday"],"opens":"10:15","closes":"19:00"},{"@type":"OpeningHoursSpecification","dayOfWeek":["Saturday"],"opens":"10:15","closes":"14:00"},{"@type":"OpeningHoursSpecification","dayOfWeek":["Sunday"],"opens":"00:00","closes":"00:00"}],"email":"info@eastlandswitchgears.com","areaServed":"Howrah, Kolkata, Westbengal, India, Nepal, Bhutan, Bangladesh","globalLocationNumber":"+918420810036"},{"@type":"PostalAddress","@id":"https:\/\/eastlandswitchgears.com\/buyonline\/product\/knipex-71-72-910-bolt-cutter-910mm\/#local-main-place-address","streetAddress":"4A, Pollock Street, Swaicka Center Room No 504, 5th floor","addressLocality":"Kolkata","postalCode":"700001","addressRegion":"West Bengal","addressCountry":"IN"},{"@type":"ImageObject","inLanguage":"en-US","@id":"https:\/\/eastlandswitchgears.com\/buyonline\/product\/knipex-71-72-910-bolt-cutter-910mm\/#local-main-organization-logo","url":"https:\/\/eastlandswitchgears.com\/buyonline\/wp-content\/uploads\/2024\/03\/espl-logo.png","contentUrl":"https:\/\/eastlandswitchgears.com\/buyonline\/wp-content\/uploads\/2024\/03\/espl-logo.png","width":347,"height":347,"caption":"Eastland Switchgears Pvt. Ltd."}]},"geo.placename":"Kolkata","geo.position":{"lat":"22.5745515","long":"88.352258"},"geo.region":"India"},"_links":{"self":[{"href":"https:\/\/eastlandswitchgears.com\/buyonline\/wp-json\/wp\/v2\/product\/26706","targetHints":{"allow":["GET"]}}],"collection":[{"href":"https:\/\/eastlandswitchgears.com\/buyonline\/wp-json\/wp\/v2\/product"}],"about":[{"href":"https:\/\/eastlandswitchgears.com\/buyonline\/wp-json\/wp\/v2\/types\/product"}],"wp:featuredmedia":[{"embeddable":true,"href":"https:\/\/eastlandswitchgears.com\/buyonline\/wp-json\/wp\/v2\/media\/26708"}],"wp:attachment":[{"href":"https:\/\/eastlandswitchgears.com\/buyonline\/wp-json\/wp\/v2\/media?parent=26706"}],"wp:term":[{"taxonomy":"product_brand","embeddable":true,"href":"https:\/\/eastlandswitchgears.com\/buyonline\/wp-json\/wp\/v2\/product_brand?post=26706"},{"taxonomy":"product_cat","embeddable":true,"href":"https:\/\/eastlandswitchgears.com\/buyonline\/wp-json\/wp\/v2\/product_cat?post=26706"},{"taxonomy":"product_tag","embeddable":true,"href":"https:\/\/eastlandswitchgears.com\/buyonline\/wp-json\/wp\/v2\/product_tag?post=26706"}],"curies":[{"name":"wp","href":"https:\/\/api.w.org\/{rel}","templated":true}]}}