{"id":26775,"date":"2024-12-18T12:58:51","date_gmt":"2024-12-18T12:58:51","guid":{"rendered":"https:\/\/eastlandswitchgears.com\/buyonline\/?post_type=product&#038;p=26775"},"modified":"2024-12-18T12:58:52","modified_gmt":"2024-12-18T12:58:52","slug":"knipex-02-01-225-sb-high-leverage-combination-pliers-225mm","status":"publish","type":"product","link":"https:\/\/eastlandswitchgears.com\/buyonline\/product\/knipex-02-01-225-sb-high-leverage-combination-pliers-225mm\/","title":{"rendered":"KNIPEX 02 01 225 SB High Leverage Combination Pliers 225mm"},"content":{"rendered":"<ul>\n<li><strong>35% less effort required than with conventional combination pliers<\/strong><\/li>\n<li><strong>\u00a0Easier work due to optimised leverage<\/strong><\/li>\n<li><strong>\u00a0Easier cutting, powerful gripping, bending and pulling<\/strong><\/li>\n<li><strong>\u00a0Long cutting edges for thicker cables<\/strong><\/li>\n<li><strong>\u00a0With gripping zones for flat and round material, suitable for versatile use<\/strong><\/li>\n<li><strong>\u00a0Precise, minimal light gap between the gripping jaws to ensure optimal function of the cutting edges<\/strong><\/li>\n<li><strong>\u00a0Cutting edges additionally induction-hardened, cutting edge hardness approx. 63 HRC<\/strong><\/li>\n<\/ul>\n","protected":false},"excerpt":{"rendered":"<ul>\n<li>SKU02 01 225 SB<\/li>\n<li>Product Model No02 01 225 SB<\/li>\n<li>brand Knipex<\/li>\n<li>GTIN \/ EAN \/UPC4003773010548<\/li>\n<\/ul>\n<h6>Technical attributes<\/h6>\n<table border=\"1\">\n<tbody>\n<tr>\n<td>Article No.<\/td>\n<td>02 01 225<\/td>\n<\/tr>\n<tr>\n<td>EAN<\/td>\n<td>4003773013198<\/td>\n<\/tr>\n<tr>\n<td>Pliers<\/td>\n<td>black atramentized<\/td>\n<\/tr>\n<tr>\n<td>Head<\/td>\n<td>polished<\/td>\n<\/tr>\n<tr>\n<td>Handles<\/td>\n<td>plastic coated<\/td>\n<\/tr>\n<tr>\n<td>Weight<\/td>\n<td>355 g<\/td>\n<\/tr>\n<tr>\n<td>Dimensions<\/td>\n<td>225 x 51 x 16 mm<\/td>\n<\/tr>\n<tr>\n<td>\n<div class=\"key\">Standard<\/div>\n<\/td>\n<td>DIN ISO 5746<\/td>\n<\/tr>\n<tr>\n<td>REACH compliant<\/td>\n<td>does not contain SVHC<\/td>\n<\/tr>\n<tr>\n<td>RoHS compliant<\/td>\n<td>not applicable<\/td>\n<\/tr>\n<tr>\n<td>Cutting capacities hard wire (diameter)<\/td>\n<td>\u00d8 3.0 mm<\/td>\n<\/tr>\n<tr>\n<td>Cutting capacities piano wire (diameter)<\/td>\n<td>\u00d8 2.5 mm<\/td>\n<\/tr>\n<tr>\n<td>Cutting capacity copper cable, multiple-stranded<\/td>\n<td>\u00d8 14.0 mm<\/td>\n<\/tr>\n<tr>\n<td>Cutting capacity copper cable, multiple-stranded<\/td>\n<td>25.0 mm\u00b2<\/td>\n<\/tr>\n<\/tbody>\n<\/table>\n","protected":false},"featured_media":26781,"template":"","meta":[],"product_brand":[521],"product_cat":[522,520],"product_tag":[],"class_list":{"0":"post-26775","1":"product","2":"type-product","3":"status-publish","4":"has-post-thumbnail","6":"product_brand-knipex","7":"product_cat-hand-tools","8":"product_cat-knipex","10":"first","11":"instock","12":"sale","13":"taxable","14":"shipping-taxable","15":"purchasable","16":"product-type-simple"},"yoast_head":"<!-- This site is optimized with the Yoast SEO Premium plugin v22.2 (Yoast SEO v25.9) - https:\/\/yoast.com\/wordpress\/plugins\/seo\/ -->\n<title>KNIPEX 02 01 225 SB High Leverage Combination Pliers 225mm - Eastland Switchgears Pvt. Ltd.<\/title>\n<meta name=\"robots\" content=\"index, follow, max-snippet:-1, max-image-preview:large, max-video-preview:-1\" \/>\n<link rel=\"canonical\" href=\"https:\/\/eastlandswitchgears.com\/buyonline\/product\/knipex-02-01-225-sb-high-leverage-combination-pliers-225mm\/\" \/>\n<meta property=\"og:locale\" content=\"en_US\" \/>\n<meta property=\"og:type\" content=\"article\" \/>\n<meta property=\"og:title\" content=\"KNIPEX 02 01 225 SB High Leverage Combination Pliers 225mm\" \/>\n<meta property=\"og:description\" content=\"SKU02 01 225 SB  Product Model No02 01 225 SB  brand Knipex  GTIN \/ EAN \/UPC4003773010548  Technical attributes    Article No. 02 01 225   EAN 4003773013198   Pliers black atramentized   Head polished   Handles plastic coated   Weight 355 g   Dimensions 225 x 51 x 16 mm    Standard DIN ISO 5746   REACH compliant does not contain SVHC   RoHS compliant not applicable   Cutting capacities hard wire (diameter) \u00d8 3.0 mm   Cutting capacities piano wire (diameter) \u00d8 2.5 mm   Cutting capacity copper cable, multiple-stranded \u00d8 14.0 mm   Cutting capacity copper cable, multiple-stranded 25.0 mm\u00b2\" \/>\n<meta property=\"og:url\" content=\"https:\/\/eastlandswitchgears.com\/buyonline\/product\/knipex-02-01-225-sb-high-leverage-combination-pliers-225mm\/\" \/>\n<meta property=\"og:site_name\" content=\"Eastland Switchgears Pvt. Ltd.\" \/>\n<meta property=\"article:publisher\" content=\"https:\/\/www.facebook.com\/espl\" \/>\n<meta property=\"article:modified_time\" content=\"2024-12-18T12:58:52+00:00\" \/>\n<meta property=\"og:image\" content=\"https:\/\/eastlandswitchgears.com\/buyonline\/wp-content\/uploads\/2024\/12\/0201225.jpg\" \/>\n\t<meta property=\"og:image:width\" content=\"1477\" \/>\n\t<meta property=\"og:image:height\" content=\"367\" \/>\n\t<meta property=\"og:image:type\" content=\"image\/jpeg\" \/>\n<meta name=\"twitter:card\" content=\"summary_large_image\" \/>\n<meta name=\"twitter:site\" content=\"@espl\" \/>\n<meta name=\"twitter:label1\" content=\"Est. reading time\" \/>\n\t<meta name=\"twitter:data1\" content=\"1 minute\" \/>\n<script type=\"application\/ld+json\" class=\"yoast-schema-graph\">{\"@context\":\"https:\/\/schema.org\",\"@graph\":[{\"@type\":\"WebPage\",\"@id\":\"https:\/\/eastlandswitchgears.com\/buyonline\/product\/knipex-02-01-225-sb-high-leverage-combination-pliers-225mm\/\",\"url\":\"https:\/\/eastlandswitchgears.com\/buyonline\/product\/knipex-02-01-225-sb-high-leverage-combination-pliers-225mm\/\",\"name\":\"KNIPEX 02 01 225 SB High Leverage Combination Pliers 225mm - Eastland Switchgears Pvt. Ltd.\",\"isPartOf\":{\"@id\":\"https:\/\/eastlandswitchgears.com\/buyonline\/#website\"},\"primaryImageOfPage\":{\"@id\":\"https:\/\/eastlandswitchgears.com\/buyonline\/product\/knipex-02-01-225-sb-high-leverage-combination-pliers-225mm\/#primaryimage\"},\"image\":{\"@id\":\"https:\/\/eastlandswitchgears.com\/buyonline\/product\/knipex-02-01-225-sb-high-leverage-combination-pliers-225mm\/#primaryimage\"},\"thumbnailUrl\":\"https:\/\/eastlandswitchgears.com\/buyonline\/wp-content\/uploads\/2024\/12\/0201225.jpg\",\"datePublished\":\"2024-12-18T12:58:51+00:00\",\"dateModified\":\"2024-12-18T12:58:52+00:00\",\"breadcrumb\":{\"@id\":\"https:\/\/eastlandswitchgears.com\/buyonline\/product\/knipex-02-01-225-sb-high-leverage-combination-pliers-225mm\/#breadcrumb\"},\"inLanguage\":\"en-US\",\"potentialAction\":[{\"@type\":\"ReadAction\",\"target\":[\"https:\/\/eastlandswitchgears.com\/buyonline\/product\/knipex-02-01-225-sb-high-leverage-combination-pliers-225mm\/\"]}]},{\"@type\":\"ImageObject\",\"inLanguage\":\"en-US\",\"@id\":\"https:\/\/eastlandswitchgears.com\/buyonline\/product\/knipex-02-01-225-sb-high-leverage-combination-pliers-225mm\/#primaryimage\",\"url\":\"https:\/\/eastlandswitchgears.com\/buyonline\/wp-content\/uploads\/2024\/12\/0201225.jpg\",\"contentUrl\":\"https:\/\/eastlandswitchgears.com\/buyonline\/wp-content\/uploads\/2024\/12\/0201225.jpg\",\"width\":1477,\"height\":367},{\"@type\":\"BreadcrumbList\",\"@id\":\"https:\/\/eastlandswitchgears.com\/buyonline\/product\/knipex-02-01-225-sb-high-leverage-combination-pliers-225mm\/#breadcrumb\",\"itemListElement\":[{\"@type\":\"ListItem\",\"position\":1,\"name\":\"Home\",\"item\":\"https:\/\/eastlandswitchgears.com\/buyonline\/\"},{\"@type\":\"ListItem\",\"position\":2,\"name\":\"Shop\",\"item\":\"https:\/\/eastlandswitchgears.com\/buyonline\/shop\/\"},{\"@type\":\"ListItem\",\"position\":3,\"name\":\"KNIPEX 02 01 225 SB High Leverage Combination Pliers 225mm\"}]},{\"@type\":\"WebSite\",\"@id\":\"https:\/\/eastlandswitchgears.com\/buyonline\/#website\",\"url\":\"https:\/\/eastlandswitchgears.com\/buyonline\/\",\"name\":\"Eastland Switchgears Pvt. Ltd. - Online\",\"description\":\"Authorized online distributor for leading brands such as Knipex, Rennsteig, WERA, and Intercable\",\"publisher\":{\"@id\":\"https:\/\/eastlandswitchgears.com\/buyonline\/#organization\"},\"alternateName\":\"ESPL\",\"potentialAction\":[{\"@type\":\"SearchAction\",\"target\":{\"@type\":\"EntryPoint\",\"urlTemplate\":\"https:\/\/eastlandswitchgears.com\/buyonline\/?s={search_term_string}\"},\"query-input\":{\"@type\":\"PropertyValueSpecification\",\"valueRequired\":true,\"valueName\":\"search_term_string\"}}],\"inLanguage\":\"en-US\"},{\"@type\":[\"Organization\",\"Place\"],\"@id\":\"https:\/\/eastlandswitchgears.com\/buyonline\/#organization\",\"name\":\"Eastland Switchgears Pvt. Ltd.\",\"url\":\"https:\/\/eastlandswitchgears.com\/buyonline\/\",\"logo\":{\"@id\":\"https:\/\/eastlandswitchgears.com\/buyonline\/product\/knipex-02-01-225-sb-high-leverage-combination-pliers-225mm\/#local-main-organization-logo\"},\"image\":{\"@id\":\"https:\/\/eastlandswitchgears.com\/buyonline\/product\/knipex-02-01-225-sb-high-leverage-combination-pliers-225mm\/#local-main-organization-logo\"},\"sameAs\":[\"https:\/\/www.facebook.com\/espl\",\"https:\/\/x.com\/espl\"],\"description\":\"Eastland Switchgears Pvt. Ltd. brings you authorized online access to top electrical tool brands such as Knipex, Wera, Rennsteig, Stanley, and DEWALT. Enjoy authentic products, secure purchasing, and fast delivery\u2014all from a trusted distributor established in 1984.\",\"legalName\":\"Eastland Switchgears Pvt. Ltd.\",\"numberOfEmployees\":{\"@type\":\"QuantitativeValue\",\"minValue\":\"1\",\"maxValue\":\"10\"},\"publishingPrinciples\":\"https:\/\/eastlandswitchgears.com\/buyonline\/shop\/\",\"address\":{\"@id\":\"https:\/\/eastlandswitchgears.com\/buyonline\/product\/knipex-02-01-225-sb-high-leverage-combination-pliers-225mm\/#local-main-place-address\"},\"geo\":{\"@type\":\"GeoCoordinates\",\"latitude\":\"22.5745515\",\"longitude\":\"88.352258\"},\"telephone\":[\"+918420810036\"],\"contactPoint\":{\"@type\":\"ContactPoint\",\"telephone\":\"+918420810036\",\"email\":\"info@eastlandswitchgears.com\"},\"openingHoursSpecification\":[{\"@type\":\"OpeningHoursSpecification\",\"dayOfWeek\":[\"Monday\",\"Tuesday\",\"Wednesday\",\"Thursday\",\"Friday\"],\"opens\":\"10:15\",\"closes\":\"19:00\"},{\"@type\":\"OpeningHoursSpecification\",\"dayOfWeek\":[\"Saturday\"],\"opens\":\"10:15\",\"closes\":\"14:00\"},{\"@type\":\"OpeningHoursSpecification\",\"dayOfWeek\":[\"Sunday\"],\"opens\":\"00:00\",\"closes\":\"00:00\"}],\"email\":\"info@eastlandswitchgears.com\",\"areaServed\":\"Howrah, Kolkata, Westbengal, India, Nepal, Bhutan, Bangladesh\",\"globalLocationNumber\":\"+918420810036\"},{\"@type\":\"PostalAddress\",\"@id\":\"https:\/\/eastlandswitchgears.com\/buyonline\/product\/knipex-02-01-225-sb-high-leverage-combination-pliers-225mm\/#local-main-place-address\",\"streetAddress\":\"4A, Pollock Street, Swaicka Center Room No 504, 5th floor\",\"addressLocality\":\"Kolkata\",\"postalCode\":\"700001\",\"addressRegion\":\"West Bengal\",\"addressCountry\":\"IN\"},{\"@type\":\"ImageObject\",\"inLanguage\":\"en-US\",\"@id\":\"https:\/\/eastlandswitchgears.com\/buyonline\/product\/knipex-02-01-225-sb-high-leverage-combination-pliers-225mm\/#local-main-organization-logo\",\"url\":\"https:\/\/eastlandswitchgears.com\/buyonline\/wp-content\/uploads\/2024\/03\/espl-logo.png\",\"contentUrl\":\"https:\/\/eastlandswitchgears.com\/buyonline\/wp-content\/uploads\/2024\/03\/espl-logo.png\",\"width\":347,\"height\":347,\"caption\":\"Eastland Switchgears Pvt. Ltd.\"}]}<\/script>\n<meta name=\"geo.placename\" content=\"Kolkata\" \/>\n<meta name=\"geo.position\" content=\"22.5745515;88.352258\" \/>\n<meta name=\"geo.region\" content=\"India\" \/>\n<!-- \/ Yoast SEO Premium plugin. -->","yoast_head_json":{"title":"KNIPEX 02 01 225 SB High Leverage Combination Pliers 225mm - Eastland Switchgears Pvt. Ltd.","robots":{"index":"index","follow":"follow","max-snippet":"max-snippet:-1","max-image-preview":"max-image-preview:large","max-video-preview":"max-video-preview:-1"},"canonical":"https:\/\/eastlandswitchgears.com\/buyonline\/product\/knipex-02-01-225-sb-high-leverage-combination-pliers-225mm\/","og_locale":"en_US","og_type":"article","og_title":"KNIPEX 02 01 225 SB High Leverage Combination Pliers 225mm","og_description":"SKU02 01 225 SB  Product Model No02 01 225 SB  brand Knipex  GTIN \/ EAN \/UPC4003773010548  Technical attributes    Article No. 02 01 225   EAN 4003773013198   Pliers black atramentized   Head polished   Handles plastic coated   Weight 355 g   Dimensions 225 x 51 x 16 mm    Standard DIN ISO 5746   REACH compliant does not contain SVHC   RoHS compliant not applicable   Cutting capacities hard wire (diameter) \u00d8 3.0 mm   Cutting capacities piano wire (diameter) \u00d8 2.5 mm   Cutting capacity copper cable, multiple-stranded \u00d8 14.0 mm   Cutting capacity copper cable, multiple-stranded 25.0 mm\u00b2","og_url":"https:\/\/eastlandswitchgears.com\/buyonline\/product\/knipex-02-01-225-sb-high-leverage-combination-pliers-225mm\/","og_site_name":"Eastland Switchgears Pvt. Ltd.","article_publisher":"https:\/\/www.facebook.com\/espl","article_modified_time":"2024-12-18T12:58:52+00:00","og_image":[{"width":1477,"height":367,"url":"https:\/\/eastlandswitchgears.com\/buyonline\/wp-content\/uploads\/2024\/12\/0201225.jpg","type":"image\/jpeg"}],"twitter_card":"summary_large_image","twitter_site":"@espl","twitter_misc":{"Est. reading time":"1 minute"},"schema":{"@context":"https:\/\/schema.org","@graph":[{"@type":"WebPage","@id":"https:\/\/eastlandswitchgears.com\/buyonline\/product\/knipex-02-01-225-sb-high-leverage-combination-pliers-225mm\/","url":"https:\/\/eastlandswitchgears.com\/buyonline\/product\/knipex-02-01-225-sb-high-leverage-combination-pliers-225mm\/","name":"KNIPEX 02 01 225 SB High Leverage Combination Pliers 225mm - Eastland Switchgears Pvt. Ltd.","isPartOf":{"@id":"https:\/\/eastlandswitchgears.com\/buyonline\/#website"},"primaryImageOfPage":{"@id":"https:\/\/eastlandswitchgears.com\/buyonline\/product\/knipex-02-01-225-sb-high-leverage-combination-pliers-225mm\/#primaryimage"},"image":{"@id":"https:\/\/eastlandswitchgears.com\/buyonline\/product\/knipex-02-01-225-sb-high-leverage-combination-pliers-225mm\/#primaryimage"},"thumbnailUrl":"https:\/\/eastlandswitchgears.com\/buyonline\/wp-content\/uploads\/2024\/12\/0201225.jpg","datePublished":"2024-12-18T12:58:51+00:00","dateModified":"2024-12-18T12:58:52+00:00","breadcrumb":{"@id":"https:\/\/eastlandswitchgears.com\/buyonline\/product\/knipex-02-01-225-sb-high-leverage-combination-pliers-225mm\/#breadcrumb"},"inLanguage":"en-US","potentialAction":[{"@type":"ReadAction","target":["https:\/\/eastlandswitchgears.com\/buyonline\/product\/knipex-02-01-225-sb-high-leverage-combination-pliers-225mm\/"]}]},{"@type":"ImageObject","inLanguage":"en-US","@id":"https:\/\/eastlandswitchgears.com\/buyonline\/product\/knipex-02-01-225-sb-high-leverage-combination-pliers-225mm\/#primaryimage","url":"https:\/\/eastlandswitchgears.com\/buyonline\/wp-content\/uploads\/2024\/12\/0201225.jpg","contentUrl":"https:\/\/eastlandswitchgears.com\/buyonline\/wp-content\/uploads\/2024\/12\/0201225.jpg","width":1477,"height":367},{"@type":"BreadcrumbList","@id":"https:\/\/eastlandswitchgears.com\/buyonline\/product\/knipex-02-01-225-sb-high-leverage-combination-pliers-225mm\/#breadcrumb","itemListElement":[{"@type":"ListItem","position":1,"name":"Home","item":"https:\/\/eastlandswitchgears.com\/buyonline\/"},{"@type":"ListItem","position":2,"name":"Shop","item":"https:\/\/eastlandswitchgears.com\/buyonline\/shop\/"},{"@type":"ListItem","position":3,"name":"KNIPEX 02 01 225 SB High Leverage Combination Pliers 225mm"}]},{"@type":"WebSite","@id":"https:\/\/eastlandswitchgears.com\/buyonline\/#website","url":"https:\/\/eastlandswitchgears.com\/buyonline\/","name":"Eastland Switchgears Pvt. Ltd. - Online","description":"Authorized online distributor for leading brands such as Knipex, Rennsteig, WERA, and Intercable","publisher":{"@id":"https:\/\/eastlandswitchgears.com\/buyonline\/#organization"},"alternateName":"ESPL","potentialAction":[{"@type":"SearchAction","target":{"@type":"EntryPoint","urlTemplate":"https:\/\/eastlandswitchgears.com\/buyonline\/?s={search_term_string}"},"query-input":{"@type":"PropertyValueSpecification","valueRequired":true,"valueName":"search_term_string"}}],"inLanguage":"en-US"},{"@type":["Organization","Place"],"@id":"https:\/\/eastlandswitchgears.com\/buyonline\/#organization","name":"Eastland Switchgears Pvt. Ltd.","url":"https:\/\/eastlandswitchgears.com\/buyonline\/","logo":{"@id":"https:\/\/eastlandswitchgears.com\/buyonline\/product\/knipex-02-01-225-sb-high-leverage-combination-pliers-225mm\/#local-main-organization-logo"},"image":{"@id":"https:\/\/eastlandswitchgears.com\/buyonline\/product\/knipex-02-01-225-sb-high-leverage-combination-pliers-225mm\/#local-main-organization-logo"},"sameAs":["https:\/\/www.facebook.com\/espl","https:\/\/x.com\/espl"],"description":"Eastland Switchgears Pvt. Ltd. brings you authorized online access to top electrical tool brands such as Knipex, Wera, Rennsteig, Stanley, and DEWALT. Enjoy authentic products, secure purchasing, and fast delivery\u2014all from a trusted distributor established in 1984.","legalName":"Eastland Switchgears Pvt. Ltd.","numberOfEmployees":{"@type":"QuantitativeValue","minValue":"1","maxValue":"10"},"publishingPrinciples":"https:\/\/eastlandswitchgears.com\/buyonline\/shop\/","address":{"@id":"https:\/\/eastlandswitchgears.com\/buyonline\/product\/knipex-02-01-225-sb-high-leverage-combination-pliers-225mm\/#local-main-place-address"},"geo":{"@type":"GeoCoordinates","latitude":"22.5745515","longitude":"88.352258"},"telephone":["+918420810036"],"contactPoint":{"@type":"ContactPoint","telephone":"+918420810036","email":"info@eastlandswitchgears.com"},"openingHoursSpecification":[{"@type":"OpeningHoursSpecification","dayOfWeek":["Monday","Tuesday","Wednesday","Thursday","Friday"],"opens":"10:15","closes":"19:00"},{"@type":"OpeningHoursSpecification","dayOfWeek":["Saturday"],"opens":"10:15","closes":"14:00"},{"@type":"OpeningHoursSpecification","dayOfWeek":["Sunday"],"opens":"00:00","closes":"00:00"}],"email":"info@eastlandswitchgears.com","areaServed":"Howrah, Kolkata, Westbengal, India, Nepal, Bhutan, Bangladesh","globalLocationNumber":"+918420810036"},{"@type":"PostalAddress","@id":"https:\/\/eastlandswitchgears.com\/buyonline\/product\/knipex-02-01-225-sb-high-leverage-combination-pliers-225mm\/#local-main-place-address","streetAddress":"4A, Pollock Street, Swaicka Center Room No 504, 5th floor","addressLocality":"Kolkata","postalCode":"700001","addressRegion":"West Bengal","addressCountry":"IN"},{"@type":"ImageObject","inLanguage":"en-US","@id":"https:\/\/eastlandswitchgears.com\/buyonline\/product\/knipex-02-01-225-sb-high-leverage-combination-pliers-225mm\/#local-main-organization-logo","url":"https:\/\/eastlandswitchgears.com\/buyonline\/wp-content\/uploads\/2024\/03\/espl-logo.png","contentUrl":"https:\/\/eastlandswitchgears.com\/buyonline\/wp-content\/uploads\/2024\/03\/espl-logo.png","width":347,"height":347,"caption":"Eastland Switchgears Pvt. Ltd."}]},"geo.placename":"Kolkata","geo.position":{"lat":"22.5745515","long":"88.352258"},"geo.region":"India"},"_links":{"self":[{"href":"https:\/\/eastlandswitchgears.com\/buyonline\/wp-json\/wp\/v2\/product\/26775","targetHints":{"allow":["GET"]}}],"collection":[{"href":"https:\/\/eastlandswitchgears.com\/buyonline\/wp-json\/wp\/v2\/product"}],"about":[{"href":"https:\/\/eastlandswitchgears.com\/buyonline\/wp-json\/wp\/v2\/types\/product"}],"wp:featuredmedia":[{"embeddable":true,"href":"https:\/\/eastlandswitchgears.com\/buyonline\/wp-json\/wp\/v2\/media\/26781"}],"wp:attachment":[{"href":"https:\/\/eastlandswitchgears.com\/buyonline\/wp-json\/wp\/v2\/media?parent=26775"}],"wp:term":[{"taxonomy":"product_brand","embeddable":true,"href":"https:\/\/eastlandswitchgears.com\/buyonline\/wp-json\/wp\/v2\/product_brand?post=26775"},{"taxonomy":"product_cat","embeddable":true,"href":"https:\/\/eastlandswitchgears.com\/buyonline\/wp-json\/wp\/v2\/product_cat?post=26775"},{"taxonomy":"product_tag","embeddable":true,"href":"https:\/\/eastlandswitchgears.com\/buyonline\/wp-json\/wp\/v2\/product_tag?post=26775"}],"curies":[{"name":"wp","href":"https:\/\/api.w.org\/{rel}","templated":true}]}}