{"id":27817,"date":"2024-12-23T11:37:51","date_gmt":"2024-12-23T11:37:51","guid":{"rendered":"https:\/\/eastlandswitchgears.com\/buyonline\/?post_type=product&#038;p=27817"},"modified":"2024-12-23T11:37:52","modified_gmt":"2024-12-23T11:37:52","slug":"knipex-85-51-250-c-hose-clamp-pliers-for-click-clamps-with-non-slip-plastic-coating-grey-atramentized-250-mm","status":"publish","type":"product","link":"https:\/\/eastlandswitchgears.com\/buyonline\/product\/knipex-85-51-250-c-hose-clamp-pliers-for-click-clamps-with-non-slip-plastic-coating-grey-atramentized-250-mm\/","title":{"rendered":"KNIPEX 85 51 250 C Hose Clamp Pliers for Click Clamps with non-slip Plastic Coating Grey Atramentized 250 mm"},"content":{"rendered":"<ul class=\"product--variation-field--variation_field_product_description__1693 field field--name-field-product-description field--type-text-long field--label-hidden field__items\">\n<li><strong>To open and close Click clamps<\/strong><\/li>\n<li class=\"field__item\"><strong>Drehbare Greifeins\u00e4tze f\u00fcr die sichere Bet\u00e4tigung der Schellen in jeder Position<\/strong><\/li>\n<li class=\"field__item\"><strong>Good leverage which allows clamps to be opened and closed again comfortably and easily without a great deal of effort<\/strong><\/li>\n<li class=\"field__item\"><strong>For easy working on fuel hoses, vacuum pipes and suction nozzles and many other applications<\/strong><\/li>\n<li class=\"field__item\"><strong>Additional function: detach hoses gently using the serrated jaw<\/strong><\/li>\n<li class=\"field__item\"><strong>Slim head design; narrow head width, rotating grip inserts make this an ideal tool, especially in confined areas<\/strong><\/li>\n<\/ul>\n","protected":false},"excerpt":{"rendered":"<ul class=\"product--variation-field--variation_field_product_description__1693 field field--name-field-product-description field--type-text-long field--label-hidden field__items\">\n<li>To open and close Click clamps<\/li>\n<li class=\"field__item\">Drehbare Greifeins\u00e4tze f\u00fcr die sichere Bet\u00e4tigung der Schellen in jeder Position<\/li>\n<li class=\"field__item\">Good leverage which allows clamps to be opened and closed again comfortably and easily without a great deal of effort<\/li>\n<li class=\"field__item\">For easy working on fuel hoses, vacuum pipes and suction nozzles and many other applications<\/li>\n<li class=\"field__item\">Additional function: detach hoses gently using the serrated jaw<\/li>\n<li class=\"field__item\">Slim head design; narrow head width, rotating grip inserts make this an ideal tool, especially in confined areas<\/li>\n<\/ul>\n<table border=\"1\">\n<tbody>\n<tr>\n<td>\n<div class=\"key\">Article No.<\/div>\n<\/td>\n<td>\n<div class=\"field__item\">\n<div class=\"key-value-class-item \">\n<div class=\"value\">85 51 250 C<\/div>\n<\/div>\n<\/div>\n<\/td>\n<\/tr>\n<tr>\n<td>EAN<\/td>\n<td>4003773078517<\/td>\n<\/tr>\n<tr>\n<td>pliers<\/td>\n<td>\n<div class=\"field__item\">\n<div class=\"key-value-class-item \">\n<div class=\"value\">grey atramentized<\/div>\n<\/div>\n<\/div>\n<\/td>\n<\/tr>\n<tr>\n<td>handles<\/td>\n<td>\n<div class=\"field__item\">\n<div class=\"key-value-class-item \">\n<div class=\"value\">covered with non-slip plastic<\/div>\n<\/div>\n<\/div>\n<\/td>\n<\/tr>\n<tr>\n<td>Weight<\/td>\n<td>345 g<\/td>\n<\/tr>\n<tr>\n<td>Dimensions<\/td>\n<td>\n<div class=\"field__item\">\n<div class=\"key-value-class-item \">\n<div class=\"value\">250 x 50 x 20 mm<\/div>\n<\/div>\n<\/div>\n<\/td>\n<\/tr>\n<tr>\n<td>\n<div class=\"key\">REACH compliant<\/div>\n<\/td>\n<td>\n<div class=\"field__item\">\n<div class=\"key-value-class-item \">\n<div class=\"value\">does not contain SVHC<\/div>\n<\/div>\n<\/div>\n<\/td>\n<\/tr>\n<tr>\n<td>\n<div class=\"key\">RoHS compliant<\/div>\n<\/td>\n<td>\n<div class=\"product--variation-field--variation_field_general_section__1693 field field--name-field-general-section field--type-key-value-class-field-type field--label-hidden field__items\">\n<div class=\"field__item\">\n<div class=\"key-value-class-item \">\n<div class=\"value\">not applicable<\/div>\n<\/div>\n<\/div>\n<\/div>\n<\/td>\n<\/tr>\n<tr>\n<td>\n<div class=\"key\">adjustment positions<\/div>\n<\/td>\n<td>\n<div class=\"product--variation-field--variation_field_general_section__1693 field field--name-field-general-section field--type-key-value-class-field-type field--label-hidden field__items\">\n<div class=\"field__item\">\n<div class=\"key-value-class-item \">\n<div class=\"value\">14<\/div>\n<\/div>\n<\/div>\n<\/div>\n<\/td>\n<\/tr>\n<\/tbody>\n<\/table>\n","protected":false},"featured_media":27822,"template":"","meta":[],"product_brand":[521],"product_cat":[522,520],"product_tag":[],"class_list":{"0":"post-27817","1":"product","2":"type-product","3":"status-publish","4":"has-post-thumbnail","6":"product_brand-knipex","7":"product_cat-hand-tools","8":"product_cat-knipex","10":"first","11":"instock","12":"sale","13":"purchasable","14":"product-type-simple"},"yoast_head":"<!-- This site is optimized with the Yoast SEO Premium plugin v22.2 (Yoast SEO v25.9) - https:\/\/yoast.com\/wordpress\/plugins\/seo\/ -->\n<title>KNIPEX 85 51 250 C Hose Clamp Pliers for Click Clamps with non-slip Plastic Coating Grey Atramentized 250 mm - Eastland Switchgears Pvt. Ltd.<\/title>\n<meta name=\"robots\" content=\"index, follow, max-snippet:-1, max-image-preview:large, max-video-preview:-1\" \/>\n<link rel=\"canonical\" href=\"https:\/\/eastlandswitchgears.com\/buyonline\/product\/knipex-85-51-250-c-hose-clamp-pliers-for-click-clamps-with-non-slip-plastic-coating-grey-atramentized-250-mm\/\" \/>\n<meta property=\"og:locale\" content=\"en_US\" \/>\n<meta property=\"og:type\" content=\"article\" \/>\n<meta property=\"og:title\" content=\"KNIPEX 85 51 250 C Hose Clamp Pliers for Click Clamps with non-slip Plastic Coating Grey Atramentized 250 mm\" \/>\n<meta property=\"og:description\" content=\"To open and close Click clamps  Drehbare Greifeins\u00e4tze f\u00fcr die sichere Bet\u00e4tigung der Schellen in jeder Position  Good leverage which allows clamps to be opened and closed again comfortably and easily without a great deal of effort  For easy working on fuel hoses, vacuum pipes and suction nozzles and many other applications  Additional function: detach hoses gently using the serrated jaw  Slim head design; narrow head width, rotating grip inserts make this an ideal tool, especially in confined areas      Article No.    85 51 250 C     EAN 4003773078517   pliers    grey atramentized     handles    covered with non-slip plastic     Weight 345 g   Dimensions    250 x 50 x 20 mm      REACH compliant    does not contain SVHC      RoHS compliant     not applicable       adjustment positions     14\" \/>\n<meta property=\"og:url\" content=\"https:\/\/eastlandswitchgears.com\/buyonline\/product\/knipex-85-51-250-c-hose-clamp-pliers-for-click-clamps-with-non-slip-plastic-coating-grey-atramentized-250-mm\/\" \/>\n<meta property=\"og:site_name\" content=\"Eastland Switchgears Pvt. Ltd.\" \/>\n<meta property=\"article:publisher\" content=\"https:\/\/www.facebook.com\/espl\" \/>\n<meta property=\"article:modified_time\" content=\"2024-12-23T11:37:52+00:00\" \/>\n<meta property=\"og:image\" content=\"https:\/\/eastlandswitchgears.com\/buyonline\/wp-content\/uploads\/2024\/12\/8551250c-00-2.jpg\" \/>\n\t<meta property=\"og:image:width\" content=\"1920\" \/>\n\t<meta property=\"og:image:height\" content=\"477\" \/>\n\t<meta property=\"og:image:type\" content=\"image\/jpeg\" \/>\n<meta name=\"twitter:card\" content=\"summary_large_image\" \/>\n<meta name=\"twitter:site\" content=\"@espl\" \/>\n<meta name=\"twitter:label1\" content=\"Est. reading time\" \/>\n\t<meta name=\"twitter:data1\" content=\"1 minute\" \/>\n<script type=\"application\/ld+json\" class=\"yoast-schema-graph\">{\"@context\":\"https:\/\/schema.org\",\"@graph\":[{\"@type\":\"WebPage\",\"@id\":\"https:\/\/eastlandswitchgears.com\/buyonline\/product\/knipex-85-51-250-c-hose-clamp-pliers-for-click-clamps-with-non-slip-plastic-coating-grey-atramentized-250-mm\/\",\"url\":\"https:\/\/eastlandswitchgears.com\/buyonline\/product\/knipex-85-51-250-c-hose-clamp-pliers-for-click-clamps-with-non-slip-plastic-coating-grey-atramentized-250-mm\/\",\"name\":\"KNIPEX 85 51 250 C Hose Clamp Pliers for Click Clamps with non-slip Plastic Coating Grey Atramentized 250 mm - Eastland Switchgears Pvt. Ltd.\",\"isPartOf\":{\"@id\":\"https:\/\/eastlandswitchgears.com\/buyonline\/#website\"},\"primaryImageOfPage\":{\"@id\":\"https:\/\/eastlandswitchgears.com\/buyonline\/product\/knipex-85-51-250-c-hose-clamp-pliers-for-click-clamps-with-non-slip-plastic-coating-grey-atramentized-250-mm\/#primaryimage\"},\"image\":{\"@id\":\"https:\/\/eastlandswitchgears.com\/buyonline\/product\/knipex-85-51-250-c-hose-clamp-pliers-for-click-clamps-with-non-slip-plastic-coating-grey-atramentized-250-mm\/#primaryimage\"},\"thumbnailUrl\":\"https:\/\/eastlandswitchgears.com\/buyonline\/wp-content\/uploads\/2024\/12\/8551250c-00-2.jpg\",\"datePublished\":\"2024-12-23T11:37:51+00:00\",\"dateModified\":\"2024-12-23T11:37:52+00:00\",\"breadcrumb\":{\"@id\":\"https:\/\/eastlandswitchgears.com\/buyonline\/product\/knipex-85-51-250-c-hose-clamp-pliers-for-click-clamps-with-non-slip-plastic-coating-grey-atramentized-250-mm\/#breadcrumb\"},\"inLanguage\":\"en-US\",\"potentialAction\":[{\"@type\":\"ReadAction\",\"target\":[\"https:\/\/eastlandswitchgears.com\/buyonline\/product\/knipex-85-51-250-c-hose-clamp-pliers-for-click-clamps-with-non-slip-plastic-coating-grey-atramentized-250-mm\/\"]}]},{\"@type\":\"ImageObject\",\"inLanguage\":\"en-US\",\"@id\":\"https:\/\/eastlandswitchgears.com\/buyonline\/product\/knipex-85-51-250-c-hose-clamp-pliers-for-click-clamps-with-non-slip-plastic-coating-grey-atramentized-250-mm\/#primaryimage\",\"url\":\"https:\/\/eastlandswitchgears.com\/buyonline\/wp-content\/uploads\/2024\/12\/8551250c-00-2.jpg\",\"contentUrl\":\"https:\/\/eastlandswitchgears.com\/buyonline\/wp-content\/uploads\/2024\/12\/8551250c-00-2.jpg\",\"width\":1920,\"height\":477},{\"@type\":\"BreadcrumbList\",\"@id\":\"https:\/\/eastlandswitchgears.com\/buyonline\/product\/knipex-85-51-250-c-hose-clamp-pliers-for-click-clamps-with-non-slip-plastic-coating-grey-atramentized-250-mm\/#breadcrumb\",\"itemListElement\":[{\"@type\":\"ListItem\",\"position\":1,\"name\":\"Home\",\"item\":\"https:\/\/eastlandswitchgears.com\/buyonline\/\"},{\"@type\":\"ListItem\",\"position\":2,\"name\":\"Shop\",\"item\":\"https:\/\/eastlandswitchgears.com\/buyonline\/shop\/\"},{\"@type\":\"ListItem\",\"position\":3,\"name\":\"KNIPEX 85 51 250 C Hose Clamp Pliers for Click Clamps with non-slip Plastic Coating Grey Atramentized 250 mm\"}]},{\"@type\":\"WebSite\",\"@id\":\"https:\/\/eastlandswitchgears.com\/buyonline\/#website\",\"url\":\"https:\/\/eastlandswitchgears.com\/buyonline\/\",\"name\":\"Eastland Switchgears Pvt. Ltd. - Online\",\"description\":\"Authorized online distributor for leading brands such as Knipex, Rennsteig, WERA, and Intercable\",\"publisher\":{\"@id\":\"https:\/\/eastlandswitchgears.com\/buyonline\/#organization\"},\"alternateName\":\"ESPL\",\"potentialAction\":[{\"@type\":\"SearchAction\",\"target\":{\"@type\":\"EntryPoint\",\"urlTemplate\":\"https:\/\/eastlandswitchgears.com\/buyonline\/?s={search_term_string}\"},\"query-input\":{\"@type\":\"PropertyValueSpecification\",\"valueRequired\":true,\"valueName\":\"search_term_string\"}}],\"inLanguage\":\"en-US\"},{\"@type\":[\"Organization\",\"Place\"],\"@id\":\"https:\/\/eastlandswitchgears.com\/buyonline\/#organization\",\"name\":\"Eastland Switchgears Pvt. Ltd.\",\"url\":\"https:\/\/eastlandswitchgears.com\/buyonline\/\",\"logo\":{\"@id\":\"https:\/\/eastlandswitchgears.com\/buyonline\/product\/knipex-85-51-250-c-hose-clamp-pliers-for-click-clamps-with-non-slip-plastic-coating-grey-atramentized-250-mm\/#local-main-organization-logo\"},\"image\":{\"@id\":\"https:\/\/eastlandswitchgears.com\/buyonline\/product\/knipex-85-51-250-c-hose-clamp-pliers-for-click-clamps-with-non-slip-plastic-coating-grey-atramentized-250-mm\/#local-main-organization-logo\"},\"sameAs\":[\"https:\/\/www.facebook.com\/espl\",\"https:\/\/x.com\/espl\"],\"description\":\"Eastland Switchgears Pvt. Ltd. brings you authorized online access to top electrical tool brands such as Knipex, Wera, Rennsteig, Stanley, and DEWALT. Enjoy authentic products, secure purchasing, and fast delivery\u2014all from a trusted distributor established in 1984.\",\"legalName\":\"Eastland Switchgears Pvt. Ltd.\",\"numberOfEmployees\":{\"@type\":\"QuantitativeValue\",\"minValue\":\"1\",\"maxValue\":\"10\"},\"publishingPrinciples\":\"https:\/\/eastlandswitchgears.com\/buyonline\/shop\/\",\"address\":{\"@id\":\"https:\/\/eastlandswitchgears.com\/buyonline\/product\/knipex-85-51-250-c-hose-clamp-pliers-for-click-clamps-with-non-slip-plastic-coating-grey-atramentized-250-mm\/#local-main-place-address\"},\"geo\":{\"@type\":\"GeoCoordinates\",\"latitude\":\"22.5745515\",\"longitude\":\"88.352258\"},\"telephone\":[\"+918420810036\"],\"contactPoint\":{\"@type\":\"ContactPoint\",\"telephone\":\"+918420810036\",\"email\":\"info@eastlandswitchgears.com\"},\"openingHoursSpecification\":[{\"@type\":\"OpeningHoursSpecification\",\"dayOfWeek\":[\"Monday\",\"Tuesday\",\"Wednesday\",\"Thursday\",\"Friday\"],\"opens\":\"10:15\",\"closes\":\"19:00\"},{\"@type\":\"OpeningHoursSpecification\",\"dayOfWeek\":[\"Saturday\"],\"opens\":\"10:15\",\"closes\":\"14:00\"},{\"@type\":\"OpeningHoursSpecification\",\"dayOfWeek\":[\"Sunday\"],\"opens\":\"00:00\",\"closes\":\"00:00\"}],\"email\":\"info@eastlandswitchgears.com\",\"areaServed\":\"Howrah, Kolkata, Westbengal, India, Nepal, Bhutan, Bangladesh\",\"globalLocationNumber\":\"+918420810036\"},{\"@type\":\"PostalAddress\",\"@id\":\"https:\/\/eastlandswitchgears.com\/buyonline\/product\/knipex-85-51-250-c-hose-clamp-pliers-for-click-clamps-with-non-slip-plastic-coating-grey-atramentized-250-mm\/#local-main-place-address\",\"streetAddress\":\"4A, Pollock Street, Swaicka Center Room No 504, 5th floor\",\"addressLocality\":\"Kolkata\",\"postalCode\":\"700001\",\"addressRegion\":\"West Bengal\",\"addressCountry\":\"IN\"},{\"@type\":\"ImageObject\",\"inLanguage\":\"en-US\",\"@id\":\"https:\/\/eastlandswitchgears.com\/buyonline\/product\/knipex-85-51-250-c-hose-clamp-pliers-for-click-clamps-with-non-slip-plastic-coating-grey-atramentized-250-mm\/#local-main-organization-logo\",\"url\":\"https:\/\/eastlandswitchgears.com\/buyonline\/wp-content\/uploads\/2024\/03\/espl-logo.png\",\"contentUrl\":\"https:\/\/eastlandswitchgears.com\/buyonline\/wp-content\/uploads\/2024\/03\/espl-logo.png\",\"width\":347,\"height\":347,\"caption\":\"Eastland Switchgears Pvt. Ltd.\"}]}<\/script>\n<meta name=\"geo.placename\" content=\"Kolkata\" \/>\n<meta name=\"geo.position\" content=\"22.5745515;88.352258\" \/>\n<meta name=\"geo.region\" content=\"India\" \/>\n<!-- \/ Yoast SEO Premium plugin. -->","yoast_head_json":{"title":"KNIPEX 85 51 250 C Hose Clamp Pliers for Click Clamps with non-slip Plastic Coating Grey Atramentized 250 mm - Eastland Switchgears Pvt. Ltd.","robots":{"index":"index","follow":"follow","max-snippet":"max-snippet:-1","max-image-preview":"max-image-preview:large","max-video-preview":"max-video-preview:-1"},"canonical":"https:\/\/eastlandswitchgears.com\/buyonline\/product\/knipex-85-51-250-c-hose-clamp-pliers-for-click-clamps-with-non-slip-plastic-coating-grey-atramentized-250-mm\/","og_locale":"en_US","og_type":"article","og_title":"KNIPEX 85 51 250 C Hose Clamp Pliers for Click Clamps with non-slip Plastic Coating Grey Atramentized 250 mm","og_description":"To open and close Click clamps  Drehbare Greifeins\u00e4tze f\u00fcr die sichere Bet\u00e4tigung der Schellen in jeder Position  Good leverage which allows clamps to be opened and closed again comfortably and easily without a great deal of effort  For easy working on fuel hoses, vacuum pipes and suction nozzles and many other applications  Additional function: detach hoses gently using the serrated jaw  Slim head design; narrow head width, rotating grip inserts make this an ideal tool, especially in confined areas      Article No.    85 51 250 C     EAN 4003773078517   pliers    grey atramentized     handles    covered with non-slip plastic     Weight 345 g   Dimensions    250 x 50 x 20 mm      REACH compliant    does not contain SVHC      RoHS compliant     not applicable       adjustment positions     14","og_url":"https:\/\/eastlandswitchgears.com\/buyonline\/product\/knipex-85-51-250-c-hose-clamp-pliers-for-click-clamps-with-non-slip-plastic-coating-grey-atramentized-250-mm\/","og_site_name":"Eastland Switchgears Pvt. Ltd.","article_publisher":"https:\/\/www.facebook.com\/espl","article_modified_time":"2024-12-23T11:37:52+00:00","og_image":[{"width":1920,"height":477,"url":"https:\/\/eastlandswitchgears.com\/buyonline\/wp-content\/uploads\/2024\/12\/8551250c-00-2.jpg","type":"image\/jpeg"}],"twitter_card":"summary_large_image","twitter_site":"@espl","twitter_misc":{"Est. reading time":"1 minute"},"schema":{"@context":"https:\/\/schema.org","@graph":[{"@type":"WebPage","@id":"https:\/\/eastlandswitchgears.com\/buyonline\/product\/knipex-85-51-250-c-hose-clamp-pliers-for-click-clamps-with-non-slip-plastic-coating-grey-atramentized-250-mm\/","url":"https:\/\/eastlandswitchgears.com\/buyonline\/product\/knipex-85-51-250-c-hose-clamp-pliers-for-click-clamps-with-non-slip-plastic-coating-grey-atramentized-250-mm\/","name":"KNIPEX 85 51 250 C Hose Clamp Pliers for Click Clamps with non-slip Plastic Coating Grey Atramentized 250 mm - Eastland Switchgears Pvt. Ltd.","isPartOf":{"@id":"https:\/\/eastlandswitchgears.com\/buyonline\/#website"},"primaryImageOfPage":{"@id":"https:\/\/eastlandswitchgears.com\/buyonline\/product\/knipex-85-51-250-c-hose-clamp-pliers-for-click-clamps-with-non-slip-plastic-coating-grey-atramentized-250-mm\/#primaryimage"},"image":{"@id":"https:\/\/eastlandswitchgears.com\/buyonline\/product\/knipex-85-51-250-c-hose-clamp-pliers-for-click-clamps-with-non-slip-plastic-coating-grey-atramentized-250-mm\/#primaryimage"},"thumbnailUrl":"https:\/\/eastlandswitchgears.com\/buyonline\/wp-content\/uploads\/2024\/12\/8551250c-00-2.jpg","datePublished":"2024-12-23T11:37:51+00:00","dateModified":"2024-12-23T11:37:52+00:00","breadcrumb":{"@id":"https:\/\/eastlandswitchgears.com\/buyonline\/product\/knipex-85-51-250-c-hose-clamp-pliers-for-click-clamps-with-non-slip-plastic-coating-grey-atramentized-250-mm\/#breadcrumb"},"inLanguage":"en-US","potentialAction":[{"@type":"ReadAction","target":["https:\/\/eastlandswitchgears.com\/buyonline\/product\/knipex-85-51-250-c-hose-clamp-pliers-for-click-clamps-with-non-slip-plastic-coating-grey-atramentized-250-mm\/"]}]},{"@type":"ImageObject","inLanguage":"en-US","@id":"https:\/\/eastlandswitchgears.com\/buyonline\/product\/knipex-85-51-250-c-hose-clamp-pliers-for-click-clamps-with-non-slip-plastic-coating-grey-atramentized-250-mm\/#primaryimage","url":"https:\/\/eastlandswitchgears.com\/buyonline\/wp-content\/uploads\/2024\/12\/8551250c-00-2.jpg","contentUrl":"https:\/\/eastlandswitchgears.com\/buyonline\/wp-content\/uploads\/2024\/12\/8551250c-00-2.jpg","width":1920,"height":477},{"@type":"BreadcrumbList","@id":"https:\/\/eastlandswitchgears.com\/buyonline\/product\/knipex-85-51-250-c-hose-clamp-pliers-for-click-clamps-with-non-slip-plastic-coating-grey-atramentized-250-mm\/#breadcrumb","itemListElement":[{"@type":"ListItem","position":1,"name":"Home","item":"https:\/\/eastlandswitchgears.com\/buyonline\/"},{"@type":"ListItem","position":2,"name":"Shop","item":"https:\/\/eastlandswitchgears.com\/buyonline\/shop\/"},{"@type":"ListItem","position":3,"name":"KNIPEX 85 51 250 C Hose Clamp Pliers for Click Clamps with non-slip Plastic Coating Grey Atramentized 250 mm"}]},{"@type":"WebSite","@id":"https:\/\/eastlandswitchgears.com\/buyonline\/#website","url":"https:\/\/eastlandswitchgears.com\/buyonline\/","name":"Eastland Switchgears Pvt. Ltd. - Online","description":"Authorized online distributor for leading brands such as Knipex, Rennsteig, WERA, and Intercable","publisher":{"@id":"https:\/\/eastlandswitchgears.com\/buyonline\/#organization"},"alternateName":"ESPL","potentialAction":[{"@type":"SearchAction","target":{"@type":"EntryPoint","urlTemplate":"https:\/\/eastlandswitchgears.com\/buyonline\/?s={search_term_string}"},"query-input":{"@type":"PropertyValueSpecification","valueRequired":true,"valueName":"search_term_string"}}],"inLanguage":"en-US"},{"@type":["Organization","Place"],"@id":"https:\/\/eastlandswitchgears.com\/buyonline\/#organization","name":"Eastland Switchgears Pvt. Ltd.","url":"https:\/\/eastlandswitchgears.com\/buyonline\/","logo":{"@id":"https:\/\/eastlandswitchgears.com\/buyonline\/product\/knipex-85-51-250-c-hose-clamp-pliers-for-click-clamps-with-non-slip-plastic-coating-grey-atramentized-250-mm\/#local-main-organization-logo"},"image":{"@id":"https:\/\/eastlandswitchgears.com\/buyonline\/product\/knipex-85-51-250-c-hose-clamp-pliers-for-click-clamps-with-non-slip-plastic-coating-grey-atramentized-250-mm\/#local-main-organization-logo"},"sameAs":["https:\/\/www.facebook.com\/espl","https:\/\/x.com\/espl"],"description":"Eastland Switchgears Pvt. Ltd. brings you authorized online access to top electrical tool brands such as Knipex, Wera, Rennsteig, Stanley, and DEWALT. Enjoy authentic products, secure purchasing, and fast delivery\u2014all from a trusted distributor established in 1984.","legalName":"Eastland Switchgears Pvt. Ltd.","numberOfEmployees":{"@type":"QuantitativeValue","minValue":"1","maxValue":"10"},"publishingPrinciples":"https:\/\/eastlandswitchgears.com\/buyonline\/shop\/","address":{"@id":"https:\/\/eastlandswitchgears.com\/buyonline\/product\/knipex-85-51-250-c-hose-clamp-pliers-for-click-clamps-with-non-slip-plastic-coating-grey-atramentized-250-mm\/#local-main-place-address"},"geo":{"@type":"GeoCoordinates","latitude":"22.5745515","longitude":"88.352258"},"telephone":["+918420810036"],"contactPoint":{"@type":"ContactPoint","telephone":"+918420810036","email":"info@eastlandswitchgears.com"},"openingHoursSpecification":[{"@type":"OpeningHoursSpecification","dayOfWeek":["Monday","Tuesday","Wednesday","Thursday","Friday"],"opens":"10:15","closes":"19:00"},{"@type":"OpeningHoursSpecification","dayOfWeek":["Saturday"],"opens":"10:15","closes":"14:00"},{"@type":"OpeningHoursSpecification","dayOfWeek":["Sunday"],"opens":"00:00","closes":"00:00"}],"email":"info@eastlandswitchgears.com","areaServed":"Howrah, Kolkata, Westbengal, India, Nepal, Bhutan, Bangladesh","globalLocationNumber":"+918420810036"},{"@type":"PostalAddress","@id":"https:\/\/eastlandswitchgears.com\/buyonline\/product\/knipex-85-51-250-c-hose-clamp-pliers-for-click-clamps-with-non-slip-plastic-coating-grey-atramentized-250-mm\/#local-main-place-address","streetAddress":"4A, Pollock Street, Swaicka Center Room No 504, 5th floor","addressLocality":"Kolkata","postalCode":"700001","addressRegion":"West Bengal","addressCountry":"IN"},{"@type":"ImageObject","inLanguage":"en-US","@id":"https:\/\/eastlandswitchgears.com\/buyonline\/product\/knipex-85-51-250-c-hose-clamp-pliers-for-click-clamps-with-non-slip-plastic-coating-grey-atramentized-250-mm\/#local-main-organization-logo","url":"https:\/\/eastlandswitchgears.com\/buyonline\/wp-content\/uploads\/2024\/03\/espl-logo.png","contentUrl":"https:\/\/eastlandswitchgears.com\/buyonline\/wp-content\/uploads\/2024\/03\/espl-logo.png","width":347,"height":347,"caption":"Eastland Switchgears Pvt. Ltd."}]},"geo.placename":"Kolkata","geo.position":{"lat":"22.5745515","long":"88.352258"},"geo.region":"India"},"_links":{"self":[{"href":"https:\/\/eastlandswitchgears.com\/buyonline\/wp-json\/wp\/v2\/product\/27817","targetHints":{"allow":["GET"]}}],"collection":[{"href":"https:\/\/eastlandswitchgears.com\/buyonline\/wp-json\/wp\/v2\/product"}],"about":[{"href":"https:\/\/eastlandswitchgears.com\/buyonline\/wp-json\/wp\/v2\/types\/product"}],"wp:featuredmedia":[{"embeddable":true,"href":"https:\/\/eastlandswitchgears.com\/buyonline\/wp-json\/wp\/v2\/media\/27822"}],"wp:attachment":[{"href":"https:\/\/eastlandswitchgears.com\/buyonline\/wp-json\/wp\/v2\/media?parent=27817"}],"wp:term":[{"taxonomy":"product_brand","embeddable":true,"href":"https:\/\/eastlandswitchgears.com\/buyonline\/wp-json\/wp\/v2\/product_brand?post=27817"},{"taxonomy":"product_cat","embeddable":true,"href":"https:\/\/eastlandswitchgears.com\/buyonline\/wp-json\/wp\/v2\/product_cat?post=27817"},{"taxonomy":"product_tag","embeddable":true,"href":"https:\/\/eastlandswitchgears.com\/buyonline\/wp-json\/wp\/v2\/product_tag?post=27817"}],"curies":[{"name":"wp","href":"https:\/\/api.w.org\/{rel}","templated":true}]}}