{"id":28356,"date":"2024-12-26T08:11:17","date_gmt":"2024-12-26T08:11:17","guid":{"rendered":"https:\/\/eastlandswitchgears.com\/buyonline\/?post_type=product&#038;p=28356"},"modified":"2024-12-26T08:11:18","modified_gmt":"2024-12-26T08:11:18","slug":"knipex-high-leverage-combination-pliers-200mm-02-05-200","status":"publish","type":"product","link":"https:\/\/eastlandswitchgears.com\/buyonline\/product\/knipex-high-leverage-combination-pliers-200mm-02-05-200\/","title":{"rendered":"KNIPEX &#8211; High Leverage Combination Pliers 200mm &#8211; 02 05 200"},"content":{"rendered":"<ul>\n<li style=\"list-style-type: none;\">\n<ul class=\"product--variation-field--variation_field_product_description__1608 field field--name-field-product-description field--type-text-long field--label-hidden field__items\">\n<li class=\"field__item\"><strong>\u00a0Easier work due to optimised leverage<\/strong><\/li>\n<li class=\"field__item\"><strong>\u00a0Easier cutting, powerful gripping, bending and pulling<\/strong><\/li>\n<li class=\"field__item\"><strong>\u00a0Long cutting edges for thicker cables<\/strong><\/li>\n<li class=\"field__item\"><strong>\u00a0With gripping zones for flat and round material, suitable for versatile use<\/strong><\/li>\n<li class=\"field__item\"><strong>\u00a0Precise, minimal light gap between the gripping jaws to ensure optimal function of the cutting edges<\/strong><\/li>\n<li class=\"field__item\"><strong>\u00a0Cutting edges additionally induction-hardened, cutting edge hardness approx. 63 HRC<\/strong><\/li>\n<li class=\"field__item\"><strong>\u00a0With cutting edges (hardness approx. 63 HRC) for heavy duty<\/strong><\/li>\n<li class=\"field__item\"><strong>\u00a035% less effort required than with conventional combination pliers<\/strong><\/li>\n<\/ul>\n<\/li>\n<\/ul>\n","protected":false},"excerpt":{"rendered":"<ul class=\"product--variation-field--variation_field_product_description__1608 field field--name-field-product-description field--type-text-long field--label-hidden field__items\">\n<li class=\"field__item\">\u00a0Easier work due to optimised leverage<\/li>\n<li class=\"field__item\">\u00a0Easier cutting, powerful gripping, bending and pulling<\/li>\n<li class=\"field__item\">\u00a0Long cutting edges for thicker cables<\/li>\n<li class=\"field__item\">\u00a0With gripping zones for flat and round material, suitable for versatile use<\/li>\n<li class=\"field__item\">\u00a0Precise, minimal light gap between the gripping jaws to ensure optimal function of the cutting edges<\/li>\n<li class=\"field__item\">\u00a0Cutting edges additionally induction-hardened, cutting edge hardness approx. 63 HRC<\/li>\n<li class=\"field__item\">\u00a0With cutting edges (hardness approx. 63 HRC) for heavy duty<\/li>\n<li class=\"field__item\">\u00a035% less effort required than with conventional combination pliers<\/li>\n<\/ul>\n<table border=\"1\">\n<tbody>\n<tr>\n<td>\n<div class=\"key\">Article No.<\/div>\n<\/td>\n<td>02 05 200<\/td>\n<\/tr>\n<tr>\n<td>\n<div class=\"key\">EAN<\/div>\n<\/td>\n<td>4003773043089<\/td>\n<\/tr>\n<tr>\n<td>\n<div class=\"key\">pliers<\/div>\n<\/td>\n<td>\n<div class=\"field__item\">\n<div class=\"key-value-class-item \">\n<div class=\"value\">chrome-plated<\/div>\n<\/div>\n<\/div>\n<\/td>\n<\/tr>\n<tr>\n<td>\n<div class=\"key\">head<\/div>\n<\/td>\n<td>chrome-plated<\/td>\n<\/tr>\n<tr>\n<td>handles<\/td>\n<td>with multicomponent handles<\/td>\n<\/tr>\n<tr>\n<td>Weight<\/td>\n<td>342 g<\/td>\n<\/tr>\n<tr>\n<td>Dimensions<\/td>\n<td>200 x 56 x 20 mm<\/td>\n<\/tr>\n<tr>\n<td>\n<div class=\"key\">Standard<\/div>\n<\/td>\n<td>DIN ISO 5746<\/td>\n<\/tr>\n<tr>\n<td>\n<div class=\"key\">REACH compliant<\/div>\n<\/td>\n<td>does not contain SVHC<\/td>\n<\/tr>\n<tr>\n<td>\n<div class=\"key\">RoHS compliant<\/div>\n<\/td>\n<td>not applicable<\/td>\n<\/tr>\n<tr>\n<td>\n<div class=\"key\">\n<div class=\"key\">Cutting capacities hard wire (diameter)<\/div>\n<\/div>\n<\/td>\n<td>\u00d8 2.8 mm<\/td>\n<\/tr>\n<tr>\n<td>\n<div class=\"key\">\n<div class=\"key\">Cutting capacities piano wire (diameter)<\/div>\n<\/div>\n<\/td>\n<td>\u00d8 2.2 mm<\/td>\n<\/tr>\n<tr>\n<td>\n<div class=\"key\">Cutting capacity copper cable, multiple-stranded<\/div>\n<\/td>\n<td>\u00d8 13.0 mm<\/td>\n<\/tr>\n<tr>\n<td>\n<div class=\"key\">Cutting capacity copper cable, multiple-stranded<\/div>\n<\/td>\n<td>25.0 mm\u00b2<\/td>\n<\/tr>\n<\/tbody>\n<\/table>\n","protected":false},"featured_media":28362,"template":"","meta":[],"product_brand":[521],"product_cat":[522,520],"product_tag":[],"class_list":{"0":"post-28356","1":"product","2":"type-product","3":"status-publish","4":"has-post-thumbnail","6":"product_brand-knipex","7":"product_cat-hand-tools","8":"product_cat-knipex","10":"first","11":"instock","12":"sale","13":"purchasable","14":"product-type-simple"},"yoast_head":"<!-- This site is optimized with the Yoast SEO Premium plugin v22.2 (Yoast SEO v25.9) - https:\/\/yoast.com\/wordpress\/plugins\/seo\/ -->\n<title>KNIPEX - High Leverage Combination Pliers 200mm - 02 05 200 - Eastland Switchgears Pvt. Ltd.<\/title>\n<meta name=\"robots\" content=\"index, follow, max-snippet:-1, max-image-preview:large, max-video-preview:-1\" \/>\n<link rel=\"canonical\" href=\"https:\/\/eastlandswitchgears.com\/buyonline\/product\/knipex-high-leverage-combination-pliers-200mm-02-05-200\/\" \/>\n<meta property=\"og:locale\" content=\"en_US\" \/>\n<meta property=\"og:type\" content=\"article\" \/>\n<meta property=\"og:title\" content=\"KNIPEX - High Leverage Combination Pliers 200mm - 02 05 200\" \/>\n<meta property=\"og:description\" content=\"\u00a0Easier work due to optimised leverage  \u00a0Easier cutting, powerful gripping, bending and pulling  \u00a0Long cutting edges for thicker cables  \u00a0With gripping zones for flat and round material, suitable for versatile use  \u00a0Precise, minimal light gap between the gripping jaws to ensure optimal function of the cutting edges  \u00a0Cutting edges additionally induction-hardened, cutting edge hardness approx. 63 HRC  \u00a0With cutting edges (hardness approx. 63 HRC) for heavy duty  \u00a035% less effort required than with conventional combination pliers      Article No. 02 05 200    EAN 4003773043089    pliers    chrome-plated      head chrome-plated   handles with multicomponent handles   Weight 342 g   Dimensions 200 x 56 x 20 mm    Standard DIN ISO 5746    REACH compliant does not contain SVHC    RoHS compliant not applicable     Cutting capacities hard wire (diameter)  \u00d8 2.8 mm     Cutting capacities piano wire (diameter)  \u00d8 2.2 mm    Cutting capacity copper cable, multiple-stranded \u00d8 13.0 mm    Cutting capacity copper cable, multiple-stranded 25.0 mm\u00b2\" \/>\n<meta property=\"og:url\" content=\"https:\/\/eastlandswitchgears.com\/buyonline\/product\/knipex-high-leverage-combination-pliers-200mm-02-05-200\/\" \/>\n<meta property=\"og:site_name\" content=\"Eastland Switchgears Pvt. Ltd.\" \/>\n<meta property=\"article:publisher\" content=\"https:\/\/www.facebook.com\/espl\" \/>\n<meta property=\"article:modified_time\" content=\"2024-12-26T08:11:18+00:00\" \/>\n<meta property=\"og:image\" content=\"https:\/\/eastlandswitchgears.com\/buyonline\/wp-content\/uploads\/2024\/12\/0205200-01.jpg\" \/>\n\t<meta property=\"og:image:width\" content=\"1920\" \/>\n\t<meta property=\"og:image:height\" content=\"586\" \/>\n\t<meta property=\"og:image:type\" content=\"image\/jpeg\" \/>\n<meta name=\"twitter:card\" content=\"summary_large_image\" \/>\n<meta name=\"twitter:site\" content=\"@espl\" \/>\n<meta name=\"twitter:label1\" content=\"Est. reading time\" \/>\n\t<meta name=\"twitter:data1\" content=\"1 minute\" \/>\n<script type=\"application\/ld+json\" class=\"yoast-schema-graph\">{\"@context\":\"https:\/\/schema.org\",\"@graph\":[{\"@type\":\"WebPage\",\"@id\":\"https:\/\/eastlandswitchgears.com\/buyonline\/product\/knipex-high-leverage-combination-pliers-200mm-02-05-200\/\",\"url\":\"https:\/\/eastlandswitchgears.com\/buyonline\/product\/knipex-high-leverage-combination-pliers-200mm-02-05-200\/\",\"name\":\"KNIPEX - High Leverage Combination Pliers 200mm - 02 05 200 - Eastland Switchgears Pvt. Ltd.\",\"isPartOf\":{\"@id\":\"https:\/\/eastlandswitchgears.com\/buyonline\/#website\"},\"primaryImageOfPage\":{\"@id\":\"https:\/\/eastlandswitchgears.com\/buyonline\/product\/knipex-high-leverage-combination-pliers-200mm-02-05-200\/#primaryimage\"},\"image\":{\"@id\":\"https:\/\/eastlandswitchgears.com\/buyonline\/product\/knipex-high-leverage-combination-pliers-200mm-02-05-200\/#primaryimage\"},\"thumbnailUrl\":\"https:\/\/eastlandswitchgears.com\/buyonline\/wp-content\/uploads\/2024\/12\/0205200-01.jpg\",\"datePublished\":\"2024-12-26T08:11:17+00:00\",\"dateModified\":\"2024-12-26T08:11:18+00:00\",\"breadcrumb\":{\"@id\":\"https:\/\/eastlandswitchgears.com\/buyonline\/product\/knipex-high-leverage-combination-pliers-200mm-02-05-200\/#breadcrumb\"},\"inLanguage\":\"en-US\",\"potentialAction\":[{\"@type\":\"ReadAction\",\"target\":[\"https:\/\/eastlandswitchgears.com\/buyonline\/product\/knipex-high-leverage-combination-pliers-200mm-02-05-200\/\"]}]},{\"@type\":\"ImageObject\",\"inLanguage\":\"en-US\",\"@id\":\"https:\/\/eastlandswitchgears.com\/buyonline\/product\/knipex-high-leverage-combination-pliers-200mm-02-05-200\/#primaryimage\",\"url\":\"https:\/\/eastlandswitchgears.com\/buyonline\/wp-content\/uploads\/2024\/12\/0205200-01.jpg\",\"contentUrl\":\"https:\/\/eastlandswitchgears.com\/buyonline\/wp-content\/uploads\/2024\/12\/0205200-01.jpg\",\"width\":1920,\"height\":586},{\"@type\":\"BreadcrumbList\",\"@id\":\"https:\/\/eastlandswitchgears.com\/buyonline\/product\/knipex-high-leverage-combination-pliers-200mm-02-05-200\/#breadcrumb\",\"itemListElement\":[{\"@type\":\"ListItem\",\"position\":1,\"name\":\"Home\",\"item\":\"https:\/\/eastlandswitchgears.com\/buyonline\/\"},{\"@type\":\"ListItem\",\"position\":2,\"name\":\"Shop\",\"item\":\"https:\/\/eastlandswitchgears.com\/buyonline\/shop\/\"},{\"@type\":\"ListItem\",\"position\":3,\"name\":\"KNIPEX &#8211; High Leverage Combination Pliers 200mm &#8211; 02 05 200\"}]},{\"@type\":\"WebSite\",\"@id\":\"https:\/\/eastlandswitchgears.com\/buyonline\/#website\",\"url\":\"https:\/\/eastlandswitchgears.com\/buyonline\/\",\"name\":\"Eastland Switchgears Pvt. Ltd. - Online\",\"description\":\"Authorized online distributor for leading brands such as Knipex, Rennsteig, WERA, and Intercable\",\"publisher\":{\"@id\":\"https:\/\/eastlandswitchgears.com\/buyonline\/#organization\"},\"alternateName\":\"ESPL\",\"potentialAction\":[{\"@type\":\"SearchAction\",\"target\":{\"@type\":\"EntryPoint\",\"urlTemplate\":\"https:\/\/eastlandswitchgears.com\/buyonline\/?s={search_term_string}\"},\"query-input\":{\"@type\":\"PropertyValueSpecification\",\"valueRequired\":true,\"valueName\":\"search_term_string\"}}],\"inLanguage\":\"en-US\"},{\"@type\":[\"Organization\",\"Place\"],\"@id\":\"https:\/\/eastlandswitchgears.com\/buyonline\/#organization\",\"name\":\"Eastland Switchgears Pvt. Ltd.\",\"url\":\"https:\/\/eastlandswitchgears.com\/buyonline\/\",\"logo\":{\"@id\":\"https:\/\/eastlandswitchgears.com\/buyonline\/product\/knipex-high-leverage-combination-pliers-200mm-02-05-200\/#local-main-organization-logo\"},\"image\":{\"@id\":\"https:\/\/eastlandswitchgears.com\/buyonline\/product\/knipex-high-leverage-combination-pliers-200mm-02-05-200\/#local-main-organization-logo\"},\"sameAs\":[\"https:\/\/www.facebook.com\/espl\",\"https:\/\/x.com\/espl\"],\"description\":\"Eastland Switchgears Pvt. Ltd. brings you authorized online access to top electrical tool brands such as Knipex, Wera, Rennsteig, Stanley, and DEWALT. Enjoy authentic products, secure purchasing, and fast delivery\u2014all from a trusted distributor established in 1984.\",\"legalName\":\"Eastland Switchgears Pvt. Ltd.\",\"numberOfEmployees\":{\"@type\":\"QuantitativeValue\",\"minValue\":\"1\",\"maxValue\":\"10\"},\"publishingPrinciples\":\"https:\/\/eastlandswitchgears.com\/buyonline\/shop\/\",\"address\":{\"@id\":\"https:\/\/eastlandswitchgears.com\/buyonline\/product\/knipex-high-leverage-combination-pliers-200mm-02-05-200\/#local-main-place-address\"},\"geo\":{\"@type\":\"GeoCoordinates\",\"latitude\":\"22.5745515\",\"longitude\":\"88.352258\"},\"telephone\":[\"+918420810036\"],\"contactPoint\":{\"@type\":\"ContactPoint\",\"telephone\":\"+918420810036\",\"email\":\"info@eastlandswitchgears.com\"},\"openingHoursSpecification\":[{\"@type\":\"OpeningHoursSpecification\",\"dayOfWeek\":[\"Monday\",\"Tuesday\",\"Wednesday\",\"Thursday\",\"Friday\"],\"opens\":\"10:15\",\"closes\":\"19:00\"},{\"@type\":\"OpeningHoursSpecification\",\"dayOfWeek\":[\"Saturday\"],\"opens\":\"10:15\",\"closes\":\"14:00\"},{\"@type\":\"OpeningHoursSpecification\",\"dayOfWeek\":[\"Sunday\"],\"opens\":\"00:00\",\"closes\":\"00:00\"}],\"email\":\"info@eastlandswitchgears.com\",\"areaServed\":\"Howrah, Kolkata, Westbengal, India, Nepal, Bhutan, Bangladesh\",\"globalLocationNumber\":\"+918420810036\"},{\"@type\":\"PostalAddress\",\"@id\":\"https:\/\/eastlandswitchgears.com\/buyonline\/product\/knipex-high-leverage-combination-pliers-200mm-02-05-200\/#local-main-place-address\",\"streetAddress\":\"4A, Pollock Street, Swaicka Center Room No 504, 5th floor\",\"addressLocality\":\"Kolkata\",\"postalCode\":\"700001\",\"addressRegion\":\"West Bengal\",\"addressCountry\":\"IN\"},{\"@type\":\"ImageObject\",\"inLanguage\":\"en-US\",\"@id\":\"https:\/\/eastlandswitchgears.com\/buyonline\/product\/knipex-high-leverage-combination-pliers-200mm-02-05-200\/#local-main-organization-logo\",\"url\":\"https:\/\/eastlandswitchgears.com\/buyonline\/wp-content\/uploads\/2024\/03\/espl-logo.png\",\"contentUrl\":\"https:\/\/eastlandswitchgears.com\/buyonline\/wp-content\/uploads\/2024\/03\/espl-logo.png\",\"width\":347,\"height\":347,\"caption\":\"Eastland Switchgears Pvt. Ltd.\"}]}<\/script>\n<meta name=\"geo.placename\" content=\"Kolkata\" \/>\n<meta name=\"geo.position\" content=\"22.5745515;88.352258\" \/>\n<meta name=\"geo.region\" content=\"India\" \/>\n<!-- \/ Yoast SEO Premium plugin. -->","yoast_head_json":{"title":"KNIPEX - High Leverage Combination Pliers 200mm - 02 05 200 - Eastland Switchgears Pvt. Ltd.","robots":{"index":"index","follow":"follow","max-snippet":"max-snippet:-1","max-image-preview":"max-image-preview:large","max-video-preview":"max-video-preview:-1"},"canonical":"https:\/\/eastlandswitchgears.com\/buyonline\/product\/knipex-high-leverage-combination-pliers-200mm-02-05-200\/","og_locale":"en_US","og_type":"article","og_title":"KNIPEX - High Leverage Combination Pliers 200mm - 02 05 200","og_description":"\u00a0Easier work due to optimised leverage  \u00a0Easier cutting, powerful gripping, bending and pulling  \u00a0Long cutting edges for thicker cables  \u00a0With gripping zones for flat and round material, suitable for versatile use  \u00a0Precise, minimal light gap between the gripping jaws to ensure optimal function of the cutting edges  \u00a0Cutting edges additionally induction-hardened, cutting edge hardness approx. 63 HRC  \u00a0With cutting edges (hardness approx. 63 HRC) for heavy duty  \u00a035% less effort required than with conventional combination pliers      Article No. 02 05 200    EAN 4003773043089    pliers    chrome-plated      head chrome-plated   handles with multicomponent handles   Weight 342 g   Dimensions 200 x 56 x 20 mm    Standard DIN ISO 5746    REACH compliant does not contain SVHC    RoHS compliant not applicable     Cutting capacities hard wire (diameter)  \u00d8 2.8 mm     Cutting capacities piano wire (diameter)  \u00d8 2.2 mm    Cutting capacity copper cable, multiple-stranded \u00d8 13.0 mm    Cutting capacity copper cable, multiple-stranded 25.0 mm\u00b2","og_url":"https:\/\/eastlandswitchgears.com\/buyonline\/product\/knipex-high-leverage-combination-pliers-200mm-02-05-200\/","og_site_name":"Eastland Switchgears Pvt. Ltd.","article_publisher":"https:\/\/www.facebook.com\/espl","article_modified_time":"2024-12-26T08:11:18+00:00","og_image":[{"width":1920,"height":586,"url":"https:\/\/eastlandswitchgears.com\/buyonline\/wp-content\/uploads\/2024\/12\/0205200-01.jpg","type":"image\/jpeg"}],"twitter_card":"summary_large_image","twitter_site":"@espl","twitter_misc":{"Est. reading time":"1 minute"},"schema":{"@context":"https:\/\/schema.org","@graph":[{"@type":"WebPage","@id":"https:\/\/eastlandswitchgears.com\/buyonline\/product\/knipex-high-leverage-combination-pliers-200mm-02-05-200\/","url":"https:\/\/eastlandswitchgears.com\/buyonline\/product\/knipex-high-leverage-combination-pliers-200mm-02-05-200\/","name":"KNIPEX - High Leverage Combination Pliers 200mm - 02 05 200 - Eastland Switchgears Pvt. Ltd.","isPartOf":{"@id":"https:\/\/eastlandswitchgears.com\/buyonline\/#website"},"primaryImageOfPage":{"@id":"https:\/\/eastlandswitchgears.com\/buyonline\/product\/knipex-high-leverage-combination-pliers-200mm-02-05-200\/#primaryimage"},"image":{"@id":"https:\/\/eastlandswitchgears.com\/buyonline\/product\/knipex-high-leverage-combination-pliers-200mm-02-05-200\/#primaryimage"},"thumbnailUrl":"https:\/\/eastlandswitchgears.com\/buyonline\/wp-content\/uploads\/2024\/12\/0205200-01.jpg","datePublished":"2024-12-26T08:11:17+00:00","dateModified":"2024-12-26T08:11:18+00:00","breadcrumb":{"@id":"https:\/\/eastlandswitchgears.com\/buyonline\/product\/knipex-high-leverage-combination-pliers-200mm-02-05-200\/#breadcrumb"},"inLanguage":"en-US","potentialAction":[{"@type":"ReadAction","target":["https:\/\/eastlandswitchgears.com\/buyonline\/product\/knipex-high-leverage-combination-pliers-200mm-02-05-200\/"]}]},{"@type":"ImageObject","inLanguage":"en-US","@id":"https:\/\/eastlandswitchgears.com\/buyonline\/product\/knipex-high-leverage-combination-pliers-200mm-02-05-200\/#primaryimage","url":"https:\/\/eastlandswitchgears.com\/buyonline\/wp-content\/uploads\/2024\/12\/0205200-01.jpg","contentUrl":"https:\/\/eastlandswitchgears.com\/buyonline\/wp-content\/uploads\/2024\/12\/0205200-01.jpg","width":1920,"height":586},{"@type":"BreadcrumbList","@id":"https:\/\/eastlandswitchgears.com\/buyonline\/product\/knipex-high-leverage-combination-pliers-200mm-02-05-200\/#breadcrumb","itemListElement":[{"@type":"ListItem","position":1,"name":"Home","item":"https:\/\/eastlandswitchgears.com\/buyonline\/"},{"@type":"ListItem","position":2,"name":"Shop","item":"https:\/\/eastlandswitchgears.com\/buyonline\/shop\/"},{"@type":"ListItem","position":3,"name":"KNIPEX &#8211; High Leverage Combination Pliers 200mm &#8211; 02 05 200"}]},{"@type":"WebSite","@id":"https:\/\/eastlandswitchgears.com\/buyonline\/#website","url":"https:\/\/eastlandswitchgears.com\/buyonline\/","name":"Eastland Switchgears Pvt. Ltd. - Online","description":"Authorized online distributor for leading brands such as Knipex, Rennsteig, WERA, and Intercable","publisher":{"@id":"https:\/\/eastlandswitchgears.com\/buyonline\/#organization"},"alternateName":"ESPL","potentialAction":[{"@type":"SearchAction","target":{"@type":"EntryPoint","urlTemplate":"https:\/\/eastlandswitchgears.com\/buyonline\/?s={search_term_string}"},"query-input":{"@type":"PropertyValueSpecification","valueRequired":true,"valueName":"search_term_string"}}],"inLanguage":"en-US"},{"@type":["Organization","Place"],"@id":"https:\/\/eastlandswitchgears.com\/buyonline\/#organization","name":"Eastland Switchgears Pvt. Ltd.","url":"https:\/\/eastlandswitchgears.com\/buyonline\/","logo":{"@id":"https:\/\/eastlandswitchgears.com\/buyonline\/product\/knipex-high-leverage-combination-pliers-200mm-02-05-200\/#local-main-organization-logo"},"image":{"@id":"https:\/\/eastlandswitchgears.com\/buyonline\/product\/knipex-high-leverage-combination-pliers-200mm-02-05-200\/#local-main-organization-logo"},"sameAs":["https:\/\/www.facebook.com\/espl","https:\/\/x.com\/espl"],"description":"Eastland Switchgears Pvt. Ltd. brings you authorized online access to top electrical tool brands such as Knipex, Wera, Rennsteig, Stanley, and DEWALT. Enjoy authentic products, secure purchasing, and fast delivery\u2014all from a trusted distributor established in 1984.","legalName":"Eastland Switchgears Pvt. Ltd.","numberOfEmployees":{"@type":"QuantitativeValue","minValue":"1","maxValue":"10"},"publishingPrinciples":"https:\/\/eastlandswitchgears.com\/buyonline\/shop\/","address":{"@id":"https:\/\/eastlandswitchgears.com\/buyonline\/product\/knipex-high-leverage-combination-pliers-200mm-02-05-200\/#local-main-place-address"},"geo":{"@type":"GeoCoordinates","latitude":"22.5745515","longitude":"88.352258"},"telephone":["+918420810036"],"contactPoint":{"@type":"ContactPoint","telephone":"+918420810036","email":"info@eastlandswitchgears.com"},"openingHoursSpecification":[{"@type":"OpeningHoursSpecification","dayOfWeek":["Monday","Tuesday","Wednesday","Thursday","Friday"],"opens":"10:15","closes":"19:00"},{"@type":"OpeningHoursSpecification","dayOfWeek":["Saturday"],"opens":"10:15","closes":"14:00"},{"@type":"OpeningHoursSpecification","dayOfWeek":["Sunday"],"opens":"00:00","closes":"00:00"}],"email":"info@eastlandswitchgears.com","areaServed":"Howrah, Kolkata, Westbengal, India, Nepal, Bhutan, Bangladesh","globalLocationNumber":"+918420810036"},{"@type":"PostalAddress","@id":"https:\/\/eastlandswitchgears.com\/buyonline\/product\/knipex-high-leverage-combination-pliers-200mm-02-05-200\/#local-main-place-address","streetAddress":"4A, Pollock Street, Swaicka Center Room No 504, 5th floor","addressLocality":"Kolkata","postalCode":"700001","addressRegion":"West Bengal","addressCountry":"IN"},{"@type":"ImageObject","inLanguage":"en-US","@id":"https:\/\/eastlandswitchgears.com\/buyonline\/product\/knipex-high-leverage-combination-pliers-200mm-02-05-200\/#local-main-organization-logo","url":"https:\/\/eastlandswitchgears.com\/buyonline\/wp-content\/uploads\/2024\/03\/espl-logo.png","contentUrl":"https:\/\/eastlandswitchgears.com\/buyonline\/wp-content\/uploads\/2024\/03\/espl-logo.png","width":347,"height":347,"caption":"Eastland Switchgears Pvt. Ltd."}]},"geo.placename":"Kolkata","geo.position":{"lat":"22.5745515","long":"88.352258"},"geo.region":"India"},"_links":{"self":[{"href":"https:\/\/eastlandswitchgears.com\/buyonline\/wp-json\/wp\/v2\/product\/28356","targetHints":{"allow":["GET"]}}],"collection":[{"href":"https:\/\/eastlandswitchgears.com\/buyonline\/wp-json\/wp\/v2\/product"}],"about":[{"href":"https:\/\/eastlandswitchgears.com\/buyonline\/wp-json\/wp\/v2\/types\/product"}],"wp:featuredmedia":[{"embeddable":true,"href":"https:\/\/eastlandswitchgears.com\/buyonline\/wp-json\/wp\/v2\/media\/28362"}],"wp:attachment":[{"href":"https:\/\/eastlandswitchgears.com\/buyonline\/wp-json\/wp\/v2\/media?parent=28356"}],"wp:term":[{"taxonomy":"product_brand","embeddable":true,"href":"https:\/\/eastlandswitchgears.com\/buyonline\/wp-json\/wp\/v2\/product_brand?post=28356"},{"taxonomy":"product_cat","embeddable":true,"href":"https:\/\/eastlandswitchgears.com\/buyonline\/wp-json\/wp\/v2\/product_cat?post=28356"},{"taxonomy":"product_tag","embeddable":true,"href":"https:\/\/eastlandswitchgears.com\/buyonline\/wp-json\/wp\/v2\/product_tag?post=28356"}],"curies":[{"name":"wp","href":"https:\/\/api.w.org\/{rel}","templated":true}]}}