{"id":28540,"date":"2024-12-27T04:24:16","date_gmt":"2024-12-27T04:24:16","guid":{"rendered":"https:\/\/eastlandswitchgears.com\/buyonline\/?post_type=product&#038;p=28540"},"modified":"2024-12-27T04:24:17","modified_gmt":"2024-12-27T04:24:17","slug":"knipex-71-02-200-cobolt-compact-bolt-cutters-200mm","status":"publish","type":"product","link":"https:\/\/eastlandswitchgears.com\/buyonline\/product\/knipex-71-02-200-cobolt-compact-bolt-cutters-200mm\/","title":{"rendered":"KNIPEX 71 02 200 CoBolt Compact Bolt Cutters 200mm"},"content":{"rendered":"<ul class=\"product--variation-field--variation_field_product_description__1939 field field--name-field-product-description field--type-text-long field--label-hidden field__items\">\n<li class=\"field__item\"><strong>With precision cutting edges for soft, hard and piano wire<\/strong><\/li>\n<li class=\"field__item\"><strong>Cuts bolts, nails, rivets, etc. up to \u00d8 5.2 mm<\/strong><\/li>\n<li class=\"field__item\"><strong>Efficient joint design ensures exceptional cutting performance with little effort<\/strong><\/li>\n<li class=\"field__item\"><strong>Cutting edges additionally induction-hardened, cutting edge hardness approx. 64 HRC<\/strong><\/li>\n<li class=\"field__item\"><strong>Micro-structured cutting edge reduces slipping of the material from the jaws<\/strong><\/li>\n<li class=\"field__item\"><strong>With gripping surface below the joint for gripping and pulling wires from \u00d8 1.0 mm<\/strong><\/li>\n<li class=\"field__item\"><strong>With slim multi-component grips without collar for better handling and easier transport<\/strong><\/li>\n<li class=\"field__item\"><strong>With large contact surface on the handles for better allotment of pressure and more comfort at work<\/strong><\/li>\n<\/ul>\n<h3><\/h3>\n","protected":false},"excerpt":{"rendered":"<ul class=\"product--variation-field--variation_field_product_description__1939 field field--name-field-product-description field--type-text-long field--label-hidden field__items\">\n<li class=\"field__item\">With precision cutting edges for soft, hard and piano wire<\/li>\n<li class=\"field__item\">Cuts bolts, nails, rivets, etc. up to \u00d8 5.2 mm<\/li>\n<li class=\"field__item\">Efficient joint design ensures exceptional cutting performance with little effort<\/li>\n<li class=\"field__item\">Cutting edges additionally induction-hardened, cutting edge hardness approx. 64 HRC<\/li>\n<li class=\"field__item\">Micro-structured cutting edge reduces slipping of the material from the jaws<\/li>\n<li class=\"field__item\">With gripping surface below the joint for gripping and pulling wires from \u00d8 1.0 mm<\/li>\n<li class=\"field__item\">With slim multi-component grips without collar for better handling and easier transport<\/li>\n<li class=\"field__item\">With large contact surface on the handles for better allotment of pressure and more comfort at work<\/li>\n<\/ul>\n<table border=\"1\">\n<tbody>\n<tr>\n<td>\n<div class=\"key\">Article No.<\/div>\n<\/td>\n<td>\n<div class=\"field__item\">\n<div class=\"key-value-class-item \">\n<div class=\"value\">71 02 200<\/div>\n<\/div>\n<\/div>\n<\/td>\n<\/tr>\n<tr>\n<td>EAN<\/td>\n<td>4003773047056<\/td>\n<\/tr>\n<tr>\n<td>pliers<\/td>\n<td>\n<div class=\"field__item\">\n<div class=\"key-value-class-item \">\n<div class=\"value\">black atramentized<\/div>\n<\/div>\n<\/div>\n<\/td>\n<\/tr>\n<tr>\n<td>handles<\/td>\n<td>\n<div class=\"field__item\">\n<div class=\"key-value-class-item \">\n<div class=\"value\">with slim multi-component grips<\/div>\n<\/div>\n<\/div>\n<\/td>\n<\/tr>\n<tr>\n<td>\n<div class=\"key\">Weight<\/div>\n<\/td>\n<td>\n<div class=\"field__item\">\n<div class=\"key-value-class-item \">\n<div class=\"value\">365 g<\/div>\n<\/div>\n<\/div>\n<\/td>\n<\/tr>\n<tr>\n<td>\n<div class=\"key\">Dimensions<\/div>\n<\/td>\n<td>\n<div class=\"field__item\">\n<div class=\"key-value-class-item \">\n<div class=\"value\">200 x 62 x 21 mm<\/div>\n<\/div>\n<\/div>\n<\/td>\n<\/tr>\n<tr>\n<td>\n<div class=\"key\">REACH compliant<\/div>\n<\/td>\n<td>\n<div class=\"field__item\">\n<div class=\"key-value-class-item \">\n<div class=\"value\">contains SVHC<\/div>\n<\/div>\n<\/div>\n<\/td>\n<\/tr>\n<tr>\n<td>\n<div class=\"key\">RoHS compliant<\/div>\n<\/td>\n<td>\n<div class=\"product--variation-field--variation_field_general_section__1939 field field--name-field-general-section field--type-key-value-class-field-type field--label-hidden field__items\">\n<div class=\"field__item\">\n<div class=\"key-value-class-item \">\n<div class=\"value\">not applicable<\/div>\n<\/div>\n<\/div>\n<\/div>\n<\/td>\n<\/tr>\n<tr>\n<td>\n<div class=\"key\">\n<div class=\"key\">Cutting capacities medium hard wire (diameter)<\/div>\n<\/div>\n<\/td>\n<td>\n<div class=\"product--variation-field--variation_field_general_section__1939 field field--name-field-general-section field--type-key-value-class-field-type field--label-hidden field__items\">\n<div class=\"field__item\">\n<div class=\"key-value-class-item \">\n<div class=\"value\">\n<div class=\"field__item\">\n<div class=\"key-value-class-item \">\n<div class=\"value\">\u00d8 5.2 m<\/div>\n<\/div>\n<\/div>\n<\/div>\n<\/div>\n<\/div>\n<\/div>\n<\/td>\n<\/tr>\n<tr>\n<td>\n<div class=\"key\">\n<div class=\"key\">Cutting capacities hard wire (diameter)<\/div>\n<\/div>\n<\/td>\n<td>\n<div class=\"product--variation-field--variation_field_general_section__1939 field field--name-field-general-section field--type-key-value-class-field-type field--label-hidden field__items\">\n<div class=\"field__item\">\n<div class=\"key-value-class-item \">\n<div class=\"value\">\n<div class=\"field__item\">\n<div class=\"key-value-class-item \">\n<div class=\"value\">\u00d8 4.0 mm<\/div>\n<\/div>\n<\/div>\n<\/div>\n<\/div>\n<\/div>\n<\/div>\n<\/td>\n<\/tr>\n<tr>\n<td>\n<div class=\"key\">\n<div class=\"key\">Cutting capacities piano wire (diameter)<\/div>\n<\/div>\n<\/td>\n<td>\n<div class=\"product--variation-field--variation_field_general_section__1939 field field--name-field-general-section field--type-key-value-class-field-type field--label-hidden field__items\">\n<div class=\"field__item\">\n<div class=\"key-value-class-item \">\n<div class=\"value\">\n<div class=\"product--variation-field--variation_field_technical_section__1939 field field--name-field-technical-section field--type-key-value-class-field-type field--label-hidden field__items\">\n<div class=\"field__item\">\n<div class=\"key-value-class-item \">\n<div class=\"value\">\u00d8 3.6 mm<\/div>\n<\/div>\n<\/div>\n<\/div>\n<\/div>\n<\/div>\n<\/div>\n<\/div>\n<\/td>\n<\/tr>\n<\/tbody>\n<\/table>\n","protected":false},"featured_media":28544,"template":"","meta":[],"product_brand":[521],"product_cat":[522,520],"product_tag":[],"class_list":{"0":"post-28540","1":"product","2":"type-product","3":"status-publish","4":"has-post-thumbnail","6":"product_brand-knipex","7":"product_cat-hand-tools","8":"product_cat-knipex","10":"first","11":"instock","12":"sale","13":"purchasable","14":"product-type-simple"},"yoast_head":"<!-- This site is optimized with the Yoast SEO Premium plugin v22.2 (Yoast SEO v25.9) - https:\/\/yoast.com\/wordpress\/plugins\/seo\/ -->\n<title>KNIPEX 71 02 200 CoBolt Compact Bolt Cutters 200mm - Eastland Switchgears Pvt. Ltd.<\/title>\n<meta name=\"robots\" content=\"index, follow, max-snippet:-1, max-image-preview:large, max-video-preview:-1\" \/>\n<link rel=\"canonical\" href=\"https:\/\/eastlandswitchgears.com\/buyonline\/product\/knipex-71-02-200-cobolt-compact-bolt-cutters-200mm\/\" \/>\n<meta property=\"og:locale\" content=\"en_US\" \/>\n<meta property=\"og:type\" content=\"article\" \/>\n<meta property=\"og:title\" content=\"KNIPEX 71 02 200 CoBolt Compact Bolt Cutters 200mm\" \/>\n<meta property=\"og:description\" content=\"With precision cutting edges for soft, hard and piano wire  Cuts bolts, nails, rivets, etc. up to \u00d8 5.2 mm  Efficient joint design ensures exceptional cutting performance with little effort  Cutting edges additionally induction-hardened, cutting edge hardness approx. 64 HRC  Micro-structured cutting edge reduces slipping of the material from the jaws  With gripping surface below the joint for gripping and pulling wires from \u00d8 1.0 mm  With slim multi-component grips without collar for better handling and easier transport  With large contact surface on the handles for better allotment of pressure and more comfort at work      Article No.    71 02 200     EAN 4003773047056   pliers    black atramentized     handles    with slim multi-component grips      Weight    365 g      Dimensions    200 x 62 x 21 mm      REACH compliant    contains SVHC      RoHS compliant     not applicable        Cutting capacities medium hard wire (diameter)         \u00d8 5.2 m           Cutting capacities hard wire (diameter)         \u00d8 4.0 mm           Cutting capacities piano wire (diameter)          \u00d8 3.6 mm\" \/>\n<meta property=\"og:url\" content=\"https:\/\/eastlandswitchgears.com\/buyonline\/product\/knipex-71-02-200-cobolt-compact-bolt-cutters-200mm\/\" \/>\n<meta property=\"og:site_name\" content=\"Eastland Switchgears Pvt. Ltd.\" \/>\n<meta property=\"article:publisher\" content=\"https:\/\/www.facebook.com\/espl\" \/>\n<meta property=\"article:modified_time\" content=\"2024-12-27T04:24:17+00:00\" \/>\n<meta property=\"og:image\" content=\"https:\/\/eastlandswitchgears.com\/buyonline\/wp-content\/uploads\/2024\/12\/7102200-1.jpg\" \/>\n\t<meta property=\"og:image:width\" content=\"1920\" \/>\n\t<meta property=\"og:image:height\" content=\"554\" \/>\n\t<meta property=\"og:image:type\" content=\"image\/jpeg\" \/>\n<meta name=\"twitter:card\" content=\"summary_large_image\" \/>\n<meta name=\"twitter:site\" content=\"@espl\" \/>\n<meta name=\"twitter:label1\" content=\"Est. reading time\" \/>\n\t<meta name=\"twitter:data1\" content=\"1 minute\" \/>\n<script type=\"application\/ld+json\" class=\"yoast-schema-graph\">{\"@context\":\"https:\/\/schema.org\",\"@graph\":[{\"@type\":\"WebPage\",\"@id\":\"https:\/\/eastlandswitchgears.com\/buyonline\/product\/knipex-71-02-200-cobolt-compact-bolt-cutters-200mm\/\",\"url\":\"https:\/\/eastlandswitchgears.com\/buyonline\/product\/knipex-71-02-200-cobolt-compact-bolt-cutters-200mm\/\",\"name\":\"KNIPEX 71 02 200 CoBolt Compact Bolt Cutters 200mm - Eastland Switchgears Pvt. Ltd.\",\"isPartOf\":{\"@id\":\"https:\/\/eastlandswitchgears.com\/buyonline\/#website\"},\"primaryImageOfPage\":{\"@id\":\"https:\/\/eastlandswitchgears.com\/buyonline\/product\/knipex-71-02-200-cobolt-compact-bolt-cutters-200mm\/#primaryimage\"},\"image\":{\"@id\":\"https:\/\/eastlandswitchgears.com\/buyonline\/product\/knipex-71-02-200-cobolt-compact-bolt-cutters-200mm\/#primaryimage\"},\"thumbnailUrl\":\"https:\/\/eastlandswitchgears.com\/buyonline\/wp-content\/uploads\/2024\/12\/7102200-1.jpg\",\"datePublished\":\"2024-12-27T04:24:16+00:00\",\"dateModified\":\"2024-12-27T04:24:17+00:00\",\"breadcrumb\":{\"@id\":\"https:\/\/eastlandswitchgears.com\/buyonline\/product\/knipex-71-02-200-cobolt-compact-bolt-cutters-200mm\/#breadcrumb\"},\"inLanguage\":\"en-US\",\"potentialAction\":[{\"@type\":\"ReadAction\",\"target\":[\"https:\/\/eastlandswitchgears.com\/buyonline\/product\/knipex-71-02-200-cobolt-compact-bolt-cutters-200mm\/\"]}]},{\"@type\":\"ImageObject\",\"inLanguage\":\"en-US\",\"@id\":\"https:\/\/eastlandswitchgears.com\/buyonline\/product\/knipex-71-02-200-cobolt-compact-bolt-cutters-200mm\/#primaryimage\",\"url\":\"https:\/\/eastlandswitchgears.com\/buyonline\/wp-content\/uploads\/2024\/12\/7102200-1.jpg\",\"contentUrl\":\"https:\/\/eastlandswitchgears.com\/buyonline\/wp-content\/uploads\/2024\/12\/7102200-1.jpg\",\"width\":1920,\"height\":554},{\"@type\":\"BreadcrumbList\",\"@id\":\"https:\/\/eastlandswitchgears.com\/buyonline\/product\/knipex-71-02-200-cobolt-compact-bolt-cutters-200mm\/#breadcrumb\",\"itemListElement\":[{\"@type\":\"ListItem\",\"position\":1,\"name\":\"Home\",\"item\":\"https:\/\/eastlandswitchgears.com\/buyonline\/\"},{\"@type\":\"ListItem\",\"position\":2,\"name\":\"Shop\",\"item\":\"https:\/\/eastlandswitchgears.com\/buyonline\/shop\/\"},{\"@type\":\"ListItem\",\"position\":3,\"name\":\"KNIPEX 71 02 200 CoBolt Compact Bolt Cutters 200mm\"}]},{\"@type\":\"WebSite\",\"@id\":\"https:\/\/eastlandswitchgears.com\/buyonline\/#website\",\"url\":\"https:\/\/eastlandswitchgears.com\/buyonline\/\",\"name\":\"Eastland Switchgears Pvt. Ltd. - Online\",\"description\":\"Authorized online distributor for leading brands such as Knipex, Rennsteig, WERA, and Intercable\",\"publisher\":{\"@id\":\"https:\/\/eastlandswitchgears.com\/buyonline\/#organization\"},\"alternateName\":\"ESPL\",\"potentialAction\":[{\"@type\":\"SearchAction\",\"target\":{\"@type\":\"EntryPoint\",\"urlTemplate\":\"https:\/\/eastlandswitchgears.com\/buyonline\/?s={search_term_string}\"},\"query-input\":{\"@type\":\"PropertyValueSpecification\",\"valueRequired\":true,\"valueName\":\"search_term_string\"}}],\"inLanguage\":\"en-US\"},{\"@type\":[\"Organization\",\"Place\"],\"@id\":\"https:\/\/eastlandswitchgears.com\/buyonline\/#organization\",\"name\":\"Eastland Switchgears Pvt. Ltd.\",\"url\":\"https:\/\/eastlandswitchgears.com\/buyonline\/\",\"logo\":{\"@id\":\"https:\/\/eastlandswitchgears.com\/buyonline\/product\/knipex-71-02-200-cobolt-compact-bolt-cutters-200mm\/#local-main-organization-logo\"},\"image\":{\"@id\":\"https:\/\/eastlandswitchgears.com\/buyonline\/product\/knipex-71-02-200-cobolt-compact-bolt-cutters-200mm\/#local-main-organization-logo\"},\"sameAs\":[\"https:\/\/www.facebook.com\/espl\",\"https:\/\/x.com\/espl\"],\"description\":\"Eastland Switchgears Pvt. Ltd. brings you authorized online access to top electrical tool brands such as Knipex, Wera, Rennsteig, Stanley, and DEWALT. Enjoy authentic products, secure purchasing, and fast delivery\u2014all from a trusted distributor established in 1984.\",\"legalName\":\"Eastland Switchgears Pvt. Ltd.\",\"numberOfEmployees\":{\"@type\":\"QuantitativeValue\",\"minValue\":\"1\",\"maxValue\":\"10\"},\"publishingPrinciples\":\"https:\/\/eastlandswitchgears.com\/buyonline\/shop\/\",\"address\":{\"@id\":\"https:\/\/eastlandswitchgears.com\/buyonline\/product\/knipex-71-02-200-cobolt-compact-bolt-cutters-200mm\/#local-main-place-address\"},\"geo\":{\"@type\":\"GeoCoordinates\",\"latitude\":\"22.5745515\",\"longitude\":\"88.352258\"},\"telephone\":[\"+918420810036\"],\"contactPoint\":{\"@type\":\"ContactPoint\",\"telephone\":\"+918420810036\",\"email\":\"info@eastlandswitchgears.com\"},\"openingHoursSpecification\":[{\"@type\":\"OpeningHoursSpecification\",\"dayOfWeek\":[\"Monday\",\"Tuesday\",\"Wednesday\",\"Thursday\",\"Friday\"],\"opens\":\"10:15\",\"closes\":\"19:00\"},{\"@type\":\"OpeningHoursSpecification\",\"dayOfWeek\":[\"Saturday\"],\"opens\":\"10:15\",\"closes\":\"14:00\"},{\"@type\":\"OpeningHoursSpecification\",\"dayOfWeek\":[\"Sunday\"],\"opens\":\"00:00\",\"closes\":\"00:00\"}],\"email\":\"info@eastlandswitchgears.com\",\"areaServed\":\"Howrah, Kolkata, Westbengal, India, Nepal, Bhutan, Bangladesh\",\"globalLocationNumber\":\"+918420810036\"},{\"@type\":\"PostalAddress\",\"@id\":\"https:\/\/eastlandswitchgears.com\/buyonline\/product\/knipex-71-02-200-cobolt-compact-bolt-cutters-200mm\/#local-main-place-address\",\"streetAddress\":\"4A, Pollock Street, Swaicka Center Room No 504, 5th floor\",\"addressLocality\":\"Kolkata\",\"postalCode\":\"700001\",\"addressRegion\":\"West Bengal\",\"addressCountry\":\"IN\"},{\"@type\":\"ImageObject\",\"inLanguage\":\"en-US\",\"@id\":\"https:\/\/eastlandswitchgears.com\/buyonline\/product\/knipex-71-02-200-cobolt-compact-bolt-cutters-200mm\/#local-main-organization-logo\",\"url\":\"https:\/\/eastlandswitchgears.com\/buyonline\/wp-content\/uploads\/2024\/03\/espl-logo.png\",\"contentUrl\":\"https:\/\/eastlandswitchgears.com\/buyonline\/wp-content\/uploads\/2024\/03\/espl-logo.png\",\"width\":347,\"height\":347,\"caption\":\"Eastland Switchgears Pvt. Ltd.\"}]}<\/script>\n<meta name=\"geo.placename\" content=\"Kolkata\" \/>\n<meta name=\"geo.position\" content=\"22.5745515;88.352258\" \/>\n<meta name=\"geo.region\" content=\"India\" \/>\n<!-- \/ Yoast SEO Premium plugin. -->","yoast_head_json":{"title":"KNIPEX 71 02 200 CoBolt Compact Bolt Cutters 200mm - Eastland Switchgears Pvt. Ltd.","robots":{"index":"index","follow":"follow","max-snippet":"max-snippet:-1","max-image-preview":"max-image-preview:large","max-video-preview":"max-video-preview:-1"},"canonical":"https:\/\/eastlandswitchgears.com\/buyonline\/product\/knipex-71-02-200-cobolt-compact-bolt-cutters-200mm\/","og_locale":"en_US","og_type":"article","og_title":"KNIPEX 71 02 200 CoBolt Compact Bolt Cutters 200mm","og_description":"With precision cutting edges for soft, hard and piano wire  Cuts bolts, nails, rivets, etc. up to \u00d8 5.2 mm  Efficient joint design ensures exceptional cutting performance with little effort  Cutting edges additionally induction-hardened, cutting edge hardness approx. 64 HRC  Micro-structured cutting edge reduces slipping of the material from the jaws  With gripping surface below the joint for gripping and pulling wires from \u00d8 1.0 mm  With slim multi-component grips without collar for better handling and easier transport  With large contact surface on the handles for better allotment of pressure and more comfort at work      Article No.    71 02 200     EAN 4003773047056   pliers    black atramentized     handles    with slim multi-component grips      Weight    365 g      Dimensions    200 x 62 x 21 mm      REACH compliant    contains SVHC      RoHS compliant     not applicable        Cutting capacities medium hard wire (diameter)         \u00d8 5.2 m           Cutting capacities hard wire (diameter)         \u00d8 4.0 mm           Cutting capacities piano wire (diameter)          \u00d8 3.6 mm","og_url":"https:\/\/eastlandswitchgears.com\/buyonline\/product\/knipex-71-02-200-cobolt-compact-bolt-cutters-200mm\/","og_site_name":"Eastland Switchgears Pvt. Ltd.","article_publisher":"https:\/\/www.facebook.com\/espl","article_modified_time":"2024-12-27T04:24:17+00:00","og_image":[{"width":1920,"height":554,"url":"https:\/\/eastlandswitchgears.com\/buyonline\/wp-content\/uploads\/2024\/12\/7102200-1.jpg","type":"image\/jpeg"}],"twitter_card":"summary_large_image","twitter_site":"@espl","twitter_misc":{"Est. reading time":"1 minute"},"schema":{"@context":"https:\/\/schema.org","@graph":[{"@type":"WebPage","@id":"https:\/\/eastlandswitchgears.com\/buyonline\/product\/knipex-71-02-200-cobolt-compact-bolt-cutters-200mm\/","url":"https:\/\/eastlandswitchgears.com\/buyonline\/product\/knipex-71-02-200-cobolt-compact-bolt-cutters-200mm\/","name":"KNIPEX 71 02 200 CoBolt Compact Bolt Cutters 200mm - Eastland Switchgears Pvt. Ltd.","isPartOf":{"@id":"https:\/\/eastlandswitchgears.com\/buyonline\/#website"},"primaryImageOfPage":{"@id":"https:\/\/eastlandswitchgears.com\/buyonline\/product\/knipex-71-02-200-cobolt-compact-bolt-cutters-200mm\/#primaryimage"},"image":{"@id":"https:\/\/eastlandswitchgears.com\/buyonline\/product\/knipex-71-02-200-cobolt-compact-bolt-cutters-200mm\/#primaryimage"},"thumbnailUrl":"https:\/\/eastlandswitchgears.com\/buyonline\/wp-content\/uploads\/2024\/12\/7102200-1.jpg","datePublished":"2024-12-27T04:24:16+00:00","dateModified":"2024-12-27T04:24:17+00:00","breadcrumb":{"@id":"https:\/\/eastlandswitchgears.com\/buyonline\/product\/knipex-71-02-200-cobolt-compact-bolt-cutters-200mm\/#breadcrumb"},"inLanguage":"en-US","potentialAction":[{"@type":"ReadAction","target":["https:\/\/eastlandswitchgears.com\/buyonline\/product\/knipex-71-02-200-cobolt-compact-bolt-cutters-200mm\/"]}]},{"@type":"ImageObject","inLanguage":"en-US","@id":"https:\/\/eastlandswitchgears.com\/buyonline\/product\/knipex-71-02-200-cobolt-compact-bolt-cutters-200mm\/#primaryimage","url":"https:\/\/eastlandswitchgears.com\/buyonline\/wp-content\/uploads\/2024\/12\/7102200-1.jpg","contentUrl":"https:\/\/eastlandswitchgears.com\/buyonline\/wp-content\/uploads\/2024\/12\/7102200-1.jpg","width":1920,"height":554},{"@type":"BreadcrumbList","@id":"https:\/\/eastlandswitchgears.com\/buyonline\/product\/knipex-71-02-200-cobolt-compact-bolt-cutters-200mm\/#breadcrumb","itemListElement":[{"@type":"ListItem","position":1,"name":"Home","item":"https:\/\/eastlandswitchgears.com\/buyonline\/"},{"@type":"ListItem","position":2,"name":"Shop","item":"https:\/\/eastlandswitchgears.com\/buyonline\/shop\/"},{"@type":"ListItem","position":3,"name":"KNIPEX 71 02 200 CoBolt Compact Bolt Cutters 200mm"}]},{"@type":"WebSite","@id":"https:\/\/eastlandswitchgears.com\/buyonline\/#website","url":"https:\/\/eastlandswitchgears.com\/buyonline\/","name":"Eastland Switchgears Pvt. Ltd. - Online","description":"Authorized online distributor for leading brands such as Knipex, Rennsteig, WERA, and Intercable","publisher":{"@id":"https:\/\/eastlandswitchgears.com\/buyonline\/#organization"},"alternateName":"ESPL","potentialAction":[{"@type":"SearchAction","target":{"@type":"EntryPoint","urlTemplate":"https:\/\/eastlandswitchgears.com\/buyonline\/?s={search_term_string}"},"query-input":{"@type":"PropertyValueSpecification","valueRequired":true,"valueName":"search_term_string"}}],"inLanguage":"en-US"},{"@type":["Organization","Place"],"@id":"https:\/\/eastlandswitchgears.com\/buyonline\/#organization","name":"Eastland Switchgears Pvt. Ltd.","url":"https:\/\/eastlandswitchgears.com\/buyonline\/","logo":{"@id":"https:\/\/eastlandswitchgears.com\/buyonline\/product\/knipex-71-02-200-cobolt-compact-bolt-cutters-200mm\/#local-main-organization-logo"},"image":{"@id":"https:\/\/eastlandswitchgears.com\/buyonline\/product\/knipex-71-02-200-cobolt-compact-bolt-cutters-200mm\/#local-main-organization-logo"},"sameAs":["https:\/\/www.facebook.com\/espl","https:\/\/x.com\/espl"],"description":"Eastland Switchgears Pvt. Ltd. brings you authorized online access to top electrical tool brands such as Knipex, Wera, Rennsteig, Stanley, and DEWALT. Enjoy authentic products, secure purchasing, and fast delivery\u2014all from a trusted distributor established in 1984.","legalName":"Eastland Switchgears Pvt. Ltd.","numberOfEmployees":{"@type":"QuantitativeValue","minValue":"1","maxValue":"10"},"publishingPrinciples":"https:\/\/eastlandswitchgears.com\/buyonline\/shop\/","address":{"@id":"https:\/\/eastlandswitchgears.com\/buyonline\/product\/knipex-71-02-200-cobolt-compact-bolt-cutters-200mm\/#local-main-place-address"},"geo":{"@type":"GeoCoordinates","latitude":"22.5745515","longitude":"88.352258"},"telephone":["+918420810036"],"contactPoint":{"@type":"ContactPoint","telephone":"+918420810036","email":"info@eastlandswitchgears.com"},"openingHoursSpecification":[{"@type":"OpeningHoursSpecification","dayOfWeek":["Monday","Tuesday","Wednesday","Thursday","Friday"],"opens":"10:15","closes":"19:00"},{"@type":"OpeningHoursSpecification","dayOfWeek":["Saturday"],"opens":"10:15","closes":"14:00"},{"@type":"OpeningHoursSpecification","dayOfWeek":["Sunday"],"opens":"00:00","closes":"00:00"}],"email":"info@eastlandswitchgears.com","areaServed":"Howrah, Kolkata, Westbengal, India, Nepal, Bhutan, Bangladesh","globalLocationNumber":"+918420810036"},{"@type":"PostalAddress","@id":"https:\/\/eastlandswitchgears.com\/buyonline\/product\/knipex-71-02-200-cobolt-compact-bolt-cutters-200mm\/#local-main-place-address","streetAddress":"4A, Pollock Street, Swaicka Center Room No 504, 5th floor","addressLocality":"Kolkata","postalCode":"700001","addressRegion":"West Bengal","addressCountry":"IN"},{"@type":"ImageObject","inLanguage":"en-US","@id":"https:\/\/eastlandswitchgears.com\/buyonline\/product\/knipex-71-02-200-cobolt-compact-bolt-cutters-200mm\/#local-main-organization-logo","url":"https:\/\/eastlandswitchgears.com\/buyonline\/wp-content\/uploads\/2024\/03\/espl-logo.png","contentUrl":"https:\/\/eastlandswitchgears.com\/buyonline\/wp-content\/uploads\/2024\/03\/espl-logo.png","width":347,"height":347,"caption":"Eastland Switchgears Pvt. Ltd."}]},"geo.placename":"Kolkata","geo.position":{"lat":"22.5745515","long":"88.352258"},"geo.region":"India"},"_links":{"self":[{"href":"https:\/\/eastlandswitchgears.com\/buyonline\/wp-json\/wp\/v2\/product\/28540","targetHints":{"allow":["GET"]}}],"collection":[{"href":"https:\/\/eastlandswitchgears.com\/buyonline\/wp-json\/wp\/v2\/product"}],"about":[{"href":"https:\/\/eastlandswitchgears.com\/buyonline\/wp-json\/wp\/v2\/types\/product"}],"wp:featuredmedia":[{"embeddable":true,"href":"https:\/\/eastlandswitchgears.com\/buyonline\/wp-json\/wp\/v2\/media\/28544"}],"wp:attachment":[{"href":"https:\/\/eastlandswitchgears.com\/buyonline\/wp-json\/wp\/v2\/media?parent=28540"}],"wp:term":[{"taxonomy":"product_brand","embeddable":true,"href":"https:\/\/eastlandswitchgears.com\/buyonline\/wp-json\/wp\/v2\/product_brand?post=28540"},{"taxonomy":"product_cat","embeddable":true,"href":"https:\/\/eastlandswitchgears.com\/buyonline\/wp-json\/wp\/v2\/product_cat?post=28540"},{"taxonomy":"product_tag","embeddable":true,"href":"https:\/\/eastlandswitchgears.com\/buyonline\/wp-json\/wp\/v2\/product_tag?post=28540"}],"curies":[{"name":"wp","href":"https:\/\/api.w.org\/{rel}","templated":true}]}}